{"id":9699,"date":"2024-09-23T16:27:11","date_gmt":"2024-09-23T14:27:11","guid":{"rendered":"https:\/\/erso.ee\/?page_id=9699"},"modified":"2025-08-28T10:14:00","modified_gmt":"2025-08-28T08:14:00","slug":"audition-repertoire","status":"publish","type":"page","link":"https:\/\/erso.ee\/en\/audition-repertoire\/","title":{"rendered":"Audition repertoire"},"content":{"rendered":"\n\n\n<p class=\"has-primary-background-color has-background\"><strong><u>FLUTE<\/u><\/strong><\/p>\n\n\n\n<ul class=\"wp-block-list\">\n<li>Wolfgang Amadeus Mozart \u2013 Flute Concerto in G major, K. 313: I movement (with cadenza) or<\/li>\n\n\n\n<li>Wolfgang Amadeus Mozart \u2013 Flute Concerto in D major, K. 314: I movement (with cadenza).<\/li>\n<\/ul>\n\n\n\n<p><strong>Orchestral excerpts<\/strong><\/p>\n\n\n\n<p><a href=\"https:\/\/erso.ee\/wp-content\/uploads\/2024\/09\/01-Floot.pdf\">Flute (please click here to open the scores)<\/a><\/p>\n\n\n\n<ul class=\"wp-block-list\">\n<li>Ludwig van Beethoven \u2013 <em>Leonora <\/em>Overture No. 3, Op. 72b: Introduction &amp; Solo;<\/li>\n\n\n\n<li>Maurice Ravel \u2013 <em>Daphnis et Chlo\u00e9<\/em>;<\/li>\n\n\n\n<li>Richard Strauss \u2013 <em>Salome<\/em>: <em>Dance of the Seven Veils<\/em> and<\/li>\n\n\n\n<li>Igor Stravinsky \u2013 <em>Jeu de cartes<\/em>.<\/li>\n<\/ul>\n\n\n\n<p><a href=\"https:\/\/erso.ee\/wp-content\/uploads\/2024\/09\/02-Piccolo.pdf\">Piccolo (optional)<\/a><\/p>\n\n\n\n<ul class=\"wp-block-list\">\n<li>Ludwig van Beethoven \u2013 Symphony No. 9 in D minor, Op. 125: movt. IV and<\/li>\n\n\n\n<li>Gioachino Rossini \u2013 <em>Semiramide<\/em>: Overture.<\/li>\n<\/ul>\n\n\n\n<p class=\"has-primary-background-color has-background\"><strong><u>OBOE<\/u><\/strong><strong><u><\/u><\/strong><\/p>\n\n\n\n<ul class=\"wp-block-list\">\n<li>Wolfgang Amadeus Mozart \u2013 Oboe Concerto in C major, K. 314: I movement (with cadenza).<\/li>\n<\/ul>\n\n\n\n<p><strong>Orchestral excerpts<\/strong><\/p>\n\n\n\n<p><a href=\"https:\/\/erso.ee\/wp-content\/uploads\/2024\/09\/03-Oboe.pdf\">Oboe<\/a><\/p>\n\n\n\n<ul class=\"wp-block-list\">\n<li>Maurice Ravel \u2013 <em>Le Tombeau de Couperin<\/em>;<\/li>\n\n\n\n<li>Anton Bruckner \u2013 Symphony No. 5 in B-flat major, WAB 105: movt. II;<\/li>\n\n\n\n<li>Gioachino Rossini \u2013 <em>La scala di seta<\/em>;<\/li>\n\n\n\n<li>Richard Strauss \u2013 <em>Don Juan<\/em> and<\/li>\n\n\n\n<li>Pyotr Tchaikovsky \u2013 Symphony No. 4 in F minor, Op. 36: movt. II.<\/li>\n<\/ul>\n\n\n\n<p><a href=\"https:\/\/erso.ee\/wp-content\/uploads\/2024\/09\/04-Inglissarv.pdf\">Cor anglais<\/a> (optional)<\/p>\n\n\n\n<ul class=\"wp-block-list\">\n<li>Anton\u00edn Dvo\u0159\u00e1k\u2013 Symphony No. 9 in E minor, Op. 95: movt. II and<\/li>\n\n\n\n<li>Maurice Ravel \u2013 Piano Concerto in G major: movt. II.<\/li>\n<\/ul>\n\n\n\n<p class=\"has-primary-background-color has-background\"><strong><u>CLARINET<\/u><\/strong><\/p>\n\n\n\n<ul class=\"wp-block-list\">\n<li>Wolfgang Amadeus Mozart \u2013 Clarinet Concerto in A major, K. 622: I movement.<\/li>\n<\/ul>\n\n\n\n<p><strong>Orchestral excerpts<\/strong><\/p>\n\n\n\n<p><a href=\"https:\/\/erso.ee\/wp-content\/uploads\/2024\/09\/05-Klarnet.pdf\">Clarinet<\/a><\/p>\n\n\n\n<ul class=\"wp-block-list\">\n<li>Johannes Brahms \u2013 Symphony No. 3 in F major: movt. II;<\/li>\n\n\n\n<li>Felix Mendelssohn \u2013 <em>A Midsummer Night\u2019s Dream<\/em>: Scherzo;<\/li>\n\n\n\n<li>Zolt\u00e1n Kod\u00e1ly \u2013 <em>Dances of Galanta<\/em> and<\/li>\n\n\n\n<li>Pyotr Tchaikovsky \u2013 Symphony No. 6 in B minor \u2018Path\u00e9tique\u2019, Op. 74: movt. I.<\/li>\n<\/ul>\n\n\n\n<p><a href=\"https:\/\/erso.ee\/wp-content\/uploads\/2024\/09\/06-Es-klarnet.pdf\">E-flat clarinet (optional)<\/a><\/p>\n\n\n\n<ul class=\"wp-block-list\">\n<li>Hector Berlioz \u2013 <em>Symphonie fantastique<\/em>;<\/li>\n\n\n\n<li>Richard Strauss \u2013 <em>Till Eulenspiegels lustige Streiche<\/em> and<\/li>\n\n\n\n<li>Igor Stravinsky \u2013 <em>Oedipus rex<\/em>.<\/li>\n<\/ul>\n\n\n\n<p><a href=\"https:\/\/erso.ee\/wp-content\/uploads\/2024\/09\/07-Bassklarnet.pdf\">Bass clarinet (optional)<\/a><\/p>\n\n\n\n<ul class=\"wp-block-list\">\n<li>Anton\u00edn Dvo\u0159\u00e1k \u2013 <em>The Noonday Witch<\/em> and<\/li>\n\n\n\n<li>Richard Strauss \u2013 <em>Don Quixote<\/em>.<\/li>\n<\/ul>\n\n\n\n<p class=\"has-primary-background-color has-background\"><strong><u>BASSOON<\/u><\/strong><\/p>\n\n\n\n<ul class=\"wp-block-list\">\n<li>Wolfgang Amadeus Mozart \u2013 Bassoon Concerto in B-flat major, K. 191: I movement (with cadenza).<\/li>\n<\/ul>\n\n\n\n<p><strong>Orchestral excerpts<\/strong><\/p>\n\n\n\n<p><a href=\"https:\/\/erso.ee\/wp-content\/uploads\/2025\/08\/08-Fagott.pdf\">Bassoon<\/a><\/p>\n\n\n\n<ul class=\"wp-block-list\">\n<li>Ludwig van Beethoven \u2013 Symphony No. 4 in B-flat major, Op. 60: movt. IV;<\/li>\n\n\n\n<li>Felix Mendelssohn \u2013 Symphony No. 3 in A minor \u2018Scottish\u2019, Op. 56: movt. II;<\/li>\n\n\n\n<li>Dmitri Shostakovich \u2013 Symphony No. 9 in E-flat major, Op. 70: movt. IV;<\/li>\n\n\n\n<li>Igor Stravinsky \u2013 <em>L\u2019Oiseau de feu<\/em>: Berceuse and<\/li>\n\n\n\n<li>Pyotr Tchaikovsky \u2013 Symphony No. 6 in B minor \u2018Path\u00e9tique\u2019, Op. 74: movt. I.<\/li>\n<\/ul>\n\n\n\n<p><a href=\"https:\/\/erso.ee\/wp-content\/uploads\/2024\/09\/09-Kontrafagott.pdf\">Contrabassoon (optional)<\/a><\/p>\n\n\n\n<ul class=\"wp-block-list\">\n<li>Maurice Ravel \u2013 <em>Ma m\u00e8re l\u2019Oye<\/em> and<\/li>\n\n\n\n<li>Gustav Mahler \u2013 Symphony No. 4 in G major: movt. I.<\/li>\n<\/ul>\n\n\n\n<p class=\"has-primary-background-color has-background\"><strong><u>FRENCH HORN<\/u><\/strong><\/p>\n\n\n\n<ul class=\"wp-block-list\">\n<li>Wolfgang Amadeus Mozart \u2013 Horn Concerto No. 3 in E-flat major, K. 447: I movement (with cadenza).<\/li>\n<\/ul>\n\n\n\n<p><strong>Orchestral excerpts (the candidate can choose between high and low horn)<\/strong><\/p>\n\n\n\n<p><a href=\"https:\/\/erso.ee\/wp-content\/uploads\/2024\/09\/10-Metsasarv-korge.pdf\">French horn (high)<\/a><\/p>\n\n\n\n<ul class=\"wp-block-list\">\n<li>Johannes Brahms \u2013 Symphony No. 2 in D major, Op. 73: movt. II;<\/li>\n\n\n\n<li>Gustav Mahler \u2013 Symphony No. 9 in D major: movt. I;<\/li>\n\n\n\n<li>Gioachino Rossini \u2013<em> Il barbiere di Siviglia<\/em>: Overture;<\/li>\n\n\n\n<li>Dmitri Shostakovich \u2013 Symphony No. 5 in D minor, Op. 47: movt. I and<\/li>\n\n\n\n<li>Franz Schubert \u2013 Symphony No. 9 in C major, D 944: movt. I.<\/li>\n<\/ul>\n\n\n\n<p><a href=\"https:\/\/erso.ee\/wp-content\/uploads\/2024\/09\/11-Metsasarv-madal.pdf\">French horn (low)<\/a><\/p>\n\n\n\n<ul class=\"wp-block-list\">\n<li>Ludwig van Beethoven \u2013 Symphony No. 9 in D minor, Op. 125: movt. III;<\/li>\n\n\n\n<li>Dmitri Shostakovich \u2013 Symphony No. 5 in D minor, Op. 47: movt. I;<\/li>\n\n\n\n<li>Richard Strauss \u2013 <em>Don Quixote<\/em>: Variation VIII and<\/li>\n\n\n\n<li>Igor Stravinsky \u2013 <em>Le Sacre du printemps<\/em>: Les Augures Printaniers &amp; Danse de la Terre.<\/li>\n<\/ul>\n\n\n\n<p class=\"has-primary-background-color has-background\"><strong><u>TRUMPET<\/u><\/strong><\/p>\n\n\n\n<ul class=\"wp-block-list\">\n<li>Franz Joseph Haydn \u2013 Trumpet Concerto in E-flat major: I movement (with cadenza) or<\/li>\n\n\n\n<li>Johann Nepomuk Hummel \u2013 Trumpet Concerto in E major: I movement or&nbsp;<\/li>\n\n\n\n<li>Johann Baptist Georg Neruda \u2013 Trumpet Concerto in E-flat major: I movement (with cadenza).<\/li>\n<\/ul>\n\n\n\n<p><strong>Orchestral excerpts<\/strong><\/p>\n\n\n\n<p><a href=\"https:\/\/erso.ee\/wp-content\/uploads\/2024\/09\/12-Trompet.pdf\">Trumpet<\/a><\/p>\n\n\n\n<ul class=\"wp-block-list\">\n<li>Georges Bizet \u2013 <em>Carmen<\/em>: Prelude;<\/li>\n\n\n\n<li>Benjamin Britten \u2013<em> Four Sea Interludes<\/em>: Sunday Morning;<\/li>\n\n\n\n<li>George Gershwin \u2013 Concerto in F: movt. II;<\/li>\n\n\n\n<li>Gustav Mahler \u2013 Symphony No. 5: movt. I;<\/li>\n\n\n\n<li>Igor Stravinsky \u2013 <em>Petroushka <\/em>(1947): Danse de la ballerine and<\/li>\n\n\n\n<li>Richard Wagner \u2013 <em>Parsifal<\/em>: Prelude.<\/li>\n<\/ul>\n\n\n\n<p class=\"has-primary-background-color has-background\"><strong><u>TROMBONE (the candidate can choose between tenor and bass trombone)<\/u><\/strong><\/p>\n\n\n\n<p>Tenor trombone<\/p>\n\n\n\n<ul class=\"wp-block-list\">\n<li>Ferdinand David \u2013 Concertino for trombone and piano in E-flat major, Op. 4: I movement.<\/li>\n<\/ul>\n\n\n\n<p><strong>Orchestral excerpts<\/strong><\/p>\n\n\n\n<p><a href=\"https:\/\/erso.ee\/wp-content\/uploads\/2024\/09\/13-Tenortromboon.pdf\">Tenor trombone<\/a><\/p>\n\n\n\n<ul class=\"wp-block-list\">\n<li>Benjamin Britten \u2013 <em>The Young Person\u2019s Guide to the Orchestra<\/em>: Var. L;<\/li>\n\n\n\n<li>Gustav Holst \u2013 <em>The Planets<\/em>: Saturn, the Bringer of Old Age;<\/li>\n\n\n\n<li>Wolfgang Amadeus Mozart \u2013 Requiem: Tuba mirum;<\/li>\n\n\n\n<li>Maurice Ravel \u2013 <em>L\u2019enfant et les sortil\u00e8ges<\/em>;<\/li>\n\n\n\n<li>Gioachino Rossini \u2013 <em>Guillaume Tell<\/em>: Overture and<\/li>\n\n\n\n<li>Camille Saint-Sa\u00ebns \u2013 Symphony No. 3 in C minor \u2018Organ\u2019, Op. 78: movt. I.<\/li>\n<\/ul>\n\n\n\n<p>Bass trombone<\/p>\n\n\n\n<ul class=\"wp-block-list\">\n<li>Alexander Lebedev \u2013 Concerto in one movement or<\/li>\n\n\n\n<li>Ernst Sachse \u2013 Concertino for bass trombone and piano.<\/li>\n<\/ul>\n\n\n\n<p><strong>Orchestral excerpts<\/strong><\/p>\n\n\n\n<p><a href=\"https:\/\/erso.ee\/wp-content\/uploads\/2024\/09\/14-Basstromboon.pdf\">Bass trombone<\/a><\/p>\n\n\n\n<ul class=\"wp-block-list\">\n<li>B\u00e9la Bart\u00f3k \u2013 <em>The Miraculous Mandarin<\/em>;<\/li>\n\n\n\n<li>Ludwig van Beethoven \u2013 Symphony No. 9 in D major, Op. 125: movt. IV;<\/li>\n\n\n\n<li>Benjamin Britten \u2013 The Young Person\u2019s Guide to the Orchestra: Var. L;<\/li>\n\n\n\n<li>Gioachino Rossini \u2013 <em>Guillaume Tell<\/em>: Overture and<\/li>\n\n\n\n<li>Robert Schumann \u2013 Symphony No. 3 in E-flat major, Op. 97, movt. IV.<\/li>\n<\/ul>\n\n\n\n<p class=\"has-primary-background-color has-background\"><strong><u>PERCUSSION<\/u><\/strong><\/p>\n\n\n\n<p><strong>Orchestral excerpts<\/strong><\/p>\n\n\n\n<p><a href=\"https:\/\/erso.ee\/wp-content\/uploads\/2024\/09\/15-Timpan-ja-lookpillid.pdf\">Timpani<\/a><\/p>\n\n\n\n<ul class=\"wp-block-list\">\n<li>B\u00e9la Bart\u00f3k \u2013 Concerto for Orchestra: movt. IV and<\/li>\n\n\n\n<li>Ludwig van Beethoven \u2013 Symphony No. 9 in D minor, Op. 125: movt. I.<\/li>\n<\/ul>\n\n\n\n<p><a href=\"https:\/\/erso.ee\/wp-content\/uploads\/2024\/09\/15-Timpan-ja-lookpillid.pdf\">Snare drum<\/a><\/p>\n\n\n\n<ul class=\"wp-block-list\">\n<li>Sergei Prokofiev \u2013 <em>Lieutenant Kij\u00e9<\/em>: Birth of Kij\u00e9 and<\/li>\n\n\n\n<li>Nikolai Rimsky-Korsakov \u2013 <em>Scheherazade<\/em>: movt. IV.<\/li>\n<\/ul>\n\n\n\n<p><a href=\"https:\/\/erso.ee\/wp-content\/uploads\/2024\/09\/15-Timpan-ja-lookpillid.pdf\">Xylophone<\/a><\/p>\n\n\n\n<ul class=\"wp-block-list\">\n<li>Olivier Messiaen \u2013 <em>Oiseaux exotiques<\/em> and<\/li>\n\n\n\n<li>Igor Stravinsky \u2013 <em>L\u2019Oiseau de feu<\/em>.<\/li>\n<\/ul>\n\n\n\n<p><a href=\"https:\/\/erso.ee\/wp-content\/uploads\/2024\/09\/15-Timpan-ja-lookpillid.pdf\">Tambourine<\/a><\/p>\n\n\n\n<ul class=\"wp-block-list\">\n<li>Anton\u00edn Dvo\u0159\u00e1k \u2013 <em>Carnival <\/em>overture.<\/li>\n<\/ul>\n\n\n\n<p><a href=\"https:\/\/erso.ee\/wp-content\/uploads\/2024\/09\/15-Timpan-ja-lookpillid.pdf\">Cymbal<\/a><\/p>\n\n\n\n<ul class=\"wp-block-list\">\n<li>Pyotr Tchaikovsky \u2013 <em>Romeo et Juliet<\/em>.<\/li>\n<\/ul>\n\n\n\n<p class=\"has-primary-background-color has-background\"><strong><u>VIOLIN<\/u><\/strong><\/p>\n\n\n\n<ul class=\"wp-block-list\">\n<li>Wolfgang Amadeus Mozart \u2013 Violin Concerto No. 3 in G major, K. 216: I movement (with cadenza) or<\/li>\n\n\n\n<li>Wolfgang Amadeus Mozart \u2013 Violin Concerto No. 4 in D major, K. 218: I movement (with cadenza) or<\/li>\n\n\n\n<li>Wolfgang Amadeus Mozart \u2013 Violin Concerto No. 5 in A major, K. 219: I movement (with cadenza).<\/li>\n<\/ul>\n\n\n\n<p><strong>Orchestral excerpts<\/strong><\/p>\n\n\n\n<p><a href=\"https:\/\/erso.ee\/wp-content\/uploads\/2024\/09\/16-Viiul.pdf\">Violin<\/a><\/p>\n\n\n\n<ul class=\"wp-block-list\">\n<li>Ludwig van Beethoven \u2013 Symphony No. 9 in D minor, Op. 125: movt. III;<\/li>\n\n\n\n<li>Anton Bruckner \u2013 Symphony No. 9 in D minor, WAB. 109: movt. III;<\/li>\n\n\n\n<li>Wolfgang Amadeus Mozart \u2013 Symphony No. 39 in E-flat major, K. 543: movt. IV;<\/li>\n\n\n\n<li>Sergei Prokofiev \u2013 Symphony No. 1 in D major \u2018Classical\u2019, Op. 25: movt. II and<\/li>\n\n\n\n<li>Richard Strauss \u2013 <em>Don Juan<\/em>.<\/li>\n<\/ul>\n\n\n\n<p class=\"has-primary-background-color has-background\"><strong><u>VIOLA<\/u><\/strong><\/p>\n\n\n\n<ul class=\"wp-block-list\">\n<li>Carl Stamitz \u2013 Viola Concerto in D major, Op. 1: I movement (with cadenza) or<\/li>\n\n\n\n<li>Franz Anton Hoffmeister \u2013 Viola Concerto in D major: I movement (with cadenza).<\/li>\n<\/ul>\n\n\n\n<p><strong>Orchestral excerpts<\/strong><\/p>\n\n\n\n<p><a href=\"https:\/\/erso.ee\/wp-content\/uploads\/2024\/09\/17-Vioola.pdf\">Viola<\/a><\/p>\n\n\n\n<ul class=\"wp-block-list\">\n<li>B\u00e9la Bart\u00f3k \u2013 Concerto for Orchestra: movts. IV &amp; V;<\/li>\n\n\n\n<li>Felix Mendelssohn \u2013 <em>A Midsummer Night\u2019s Dream<\/em>;<\/li>\n\n\n\n<li>Dmitri Shostakovich \u2013 Symphony No. 5 in D minor, Op. 47: movt. I;<\/li>\n\n\n\n<li>Richard Strauss \u2013 <em>Don Juan<\/em> and<\/li>\n\n\n\n<li>Pyotr Tchaikovsky \u2013 Symphony No. 6 in B minor \u2018Path\u00e9tique\u2019, Op. 74: movt. I.<\/li>\n<\/ul>\n\n\n\n<p class=\"has-primary-background-color has-background\"><strong><u>CELLO<\/u><\/strong><\/p>\n\n\n\n<ul class=\"wp-block-list\">\n<li>Franz Joseph Haydn \u2013 Cello Concerto No. 1 in C major: I movement (with cadenza) or<\/li>\n\n\n\n<li>Franz Joseph Haydn \u2013 Cello Concerto No. 2 in D major: I movement (with cadenza).<\/li>\n<\/ul>\n\n\n\n<p><strong>Orchestral excerpts<\/strong><\/p>\n\n\n\n<p><a href=\"https:\/\/erso.ee\/wp-content\/uploads\/2024\/09\/18-Tsello.pdf\">Cello<\/a><\/p>\n\n\n\n<ul class=\"wp-block-list\">\n<li>Ludwig van Beethoven \u2013 Symphony No. 5 in C minor, Op. 67: movt. II;<\/li>\n\n\n\n<li>Johannes Brahms \u2013 Symphony No. 2 in D major, Op. 73: movt. II;<\/li>\n\n\n\n<li>Felix Mendelssohn \u2013 <em>A Midsummer Night\u2019s Dream<\/em> and<\/li>\n\n\n\n<li>Richard Strauss \u2013 <em>Ein Heldenleben<\/em>.<\/li>\n<\/ul>\n\n\n\n<p class=\"has-primary-background-color has-background\"><strong><u>DOUBLE BASS<\/u><\/strong><\/p>\n\n\n\n<ul class=\"wp-block-list\">\n<li>Johann Baptist Vanhal \u2013 Double Bass Concerto: I movement (with cadenza) or<\/li>\n\n\n\n<li>Carl Ditters von Dittersdorf \u2013 Double Bass Concerto No. 2 in E major: I movement (with cadenza).<\/li>\n<\/ul>\n\n\n\n<p><strong>Orchestral excerpts<\/strong><\/p>\n\n\n\n<p><a href=\"https:\/\/erso.ee\/wp-content\/uploads\/2024\/09\/19-Kontrabass.pdf\">Double bass<\/a><\/p>\n\n\n\n<ul class=\"wp-block-list\">\n<li>Ludwig van Beethoven \u2013 Symphony No. 5 in C minor, Op. 67: movt. III;<\/li>\n\n\n\n<li>Ludwig van Beethoven \u2013 Symphony No. 9 in D minor, Op. 125: movt. IV;<\/li>\n\n\n\n<li>Wolfgang Amadeus Mozart \u2013 Symphony No. 40, K. 550: movt. I and<\/li>\n\n\n\n<li>Richard Strauss \u2013 <em>Ein Heldenleben<\/em>.<\/li>\n<\/ul>\n","protected":false},"excerpt":{"rendered":"<p>FLUTE Orchestral excerpts Flute (please click here to open the scores) Piccolo (optional) OBOE Orchestral excerpts Oboe Cor anglais (optional) CLARINET Orchestral excerpts Clarinet E-flat clarinet (optional) Bass clarinet (optional) BASSOON Orchestral excerpts Bassoon Contrabassoon (optional) FRENCH HORN Orchestral excerpts (the candidate can choose between high and low horn) French horn (high) French horn (low) [&#8230;]\n","protected":false},"author":5,"featured_media":0,"parent":0,"menu_order":0,"comment_status":"closed","ping_status":"closed","template":"","meta":{"_acf_changed":false,"inline_featured_image":false,"footnotes":""},"class_list":["post-9699","page","type-page","status-publish","hentry"],"acf":[],"_links":{"self":[{"href":"https:\/\/erso.ee\/en\/wp-json\/wp\/v2\/pages\/9699","targetHints":{"allow":["GET"]}}],"collection":[{"href":"https:\/\/erso.ee\/en\/wp-json\/wp\/v2\/pages"}],"about":[{"href":"https:\/\/erso.ee\/en\/wp-json\/wp\/v2\/types\/page"}],"author":[{"embeddable":true,"href":"https:\/\/erso.ee\/en\/wp-json\/wp\/v2\/users\/5"}],"replies":[{"embeddable":true,"href":"https:\/\/erso.ee\/en\/wp-json\/wp\/v2\/comments?post=9699"}],"version-history":[{"count":22,"href":"https:\/\/erso.ee\/en\/wp-json\/wp\/v2\/pages\/9699\/revisions"}],"predecessor-version":[{"id":12389,"href":"https:\/\/erso.ee\/en\/wp-json\/wp\/v2\/pages\/9699\/revisions\/12389"}],"wp:attachment":[{"href":"https:\/\/erso.ee\/en\/wp-json\/wp\/v2\/media?parent=9699"}],"curies":[{"name":"wp","href":"https:\/\/api.w.org\/{rel}","templated":true}]}}