{"id":5333,"date":"2022-06-09T12:39:20","date_gmt":"2022-06-09T10:39:20","guid":{"rendered":"https:\/\/erso.ee\/bio\/"},"modified":"2025-11-25T17:23:59","modified_gmt":"2025-11-25T15:23:59","slug":"about-us","status":"publish","type":"page","link":"https:\/\/erso.ee\/en\/about-us\/","title":{"rendered":"About us"},"content":{"rendered":"\n<div class=\"row\"  id=\"row-1047954157\">\n\n\n\t<div id=\"col-1291832031\" class=\"col medium-6 small-12 large-6\"  >\n\t\t\t\t<div class=\"col-inner\"  >\n\t\t\t\n\t\t\t\n\n<p><b>The Estonian National Symphony Orchestra (Eesti Riiklik S\u00fcmfooniaorkester, ERSO)<\/b> \u2013 a vivid and versatile orchestra who\u2019s always striving towards excellence. The unique position in the intersection of cultures brings together Nordic, Western and Russian musical traditions. Celebrating its 100th anniversary in 2026, ERSO has become the most prominent orchestral ambassador of Estonia abroad, powerfully increasing its international scope particularly in recent decades. Since the 2020\/21 season, its Chief Conductor and Artistic Director is Olari Elts. Neeme J\u00e4rvi, the longest-serving chief conductor of the ERSO, continues to cooperate with the orchestra as an Honorary Artistic Director for Life and the Artistic Adviser of the orchestra is Paavo J\u00e4rvi.<\/p>\n<p>The orchestra performs with renowned conductors and soloists from around the world, including, of course, most prominent Estonian musicians. ERSO\u2019s CDs demonstrate a quality that has been recognised by several renowned music magazines and the orchestra has won several prizes, including a Grammy Award for the recording of cantatas by Sibelius. Its home venue is the Estonia Concert Hall in Tallinn and it has dazzled the world with numerous tours and participated in reputable international music festivals. They have played in prestigious venues such as the Konzerthaus Berlin, Musikverein in Vienna, Rudolfinum in Prague, Brucknerhaus in Linz, the Avery Fisher Hall (current David Geffen Hall) in New York, the Grand Hall of Saint Petersburg Philharmonia and the Concert Hall of the Mariinsky Theatre, the K\u00f6lner Philharmonie, the Helsinki Music Centre, Berwaldhallen in Stockholm, and many more. Some of the festivals ERSO has attended include the Festival Radio France Occitanie Montpellier with Neeme J\u00e4rvi and the Eufonie International Festival of Central and Eastern Europe in Warsaw under the baton of Olari Elts. Some of the highlights of the previous seasons include a concert tour with Olari Elts and violinist Daniel Lozakovich, which took the orchestra to Isarphilarmonie in Munich, La Seine Musicale in Paris and Meistersingerhalle in Nuremberg. In May 2023, another successful concert tour took the orchestra to Great Britain, where 11 concerts were given with pianist Barry Douglas under the baton of Olari Elts.<\/p>\n<p>The orchestra has enjoyed fruitful cooperation with highly acclaimed record companies such as Chandos, BIS, and Onyx, and in the past also with Alba Records, Harmonia Mundi, and Melodiya. In addition to local radio and television channels, ERSO\u2019s concerts have been broadcasted by Mezzo, medici.tv and they have also reached many radio listeners via the EBU. In 2020, the orchestra launched its own channel \u2013 erso.tv.<\/p>\n<p>As for conductors and soloists, ERSO is fortunate to perform with the very best from all around the world, including front-rank Estonian musicians. Commanding a repertoire that ranges from the Baroque period to the present time, the ERSO has had the honour to premiere symphonic pieces by almost every Estonian composer, including Arvo P\u00e4rt, Erkki-Sven T\u00fc\u00fcr, J\u00fcri Reinvere, and Eduard Tubin.<\/p>\n<p>\u00a0<\/p>\n<p>\u00a0<\/p>\n\n\t\t<\/div>\n\t\t\t\t\t<\/div>\n\n\t\n\n\t<div id=\"col-763425531\" class=\"col medium-6 small-12 large-6\"  >\n\t\t\t\t<div class=\"col-inner\"  >\n\t\t\t\n\t\t\t\n\n\n  \n    <div class=\"row large-columns-2 medium-columns- small-columns- row-small\" >\n  <div class=\"gallery-col col\" >\n          <div class=\"col-inner\">\n            <a class=\"image-lightbox lightbox-gallery\" href=\"https:\/\/erso.ee\/wp-content\/uploads\/2022\/07\/Screenshot-2022-07-20-at-20.02.03-1024x670.png\" title=\"\">            <div class=\"box has-hover gallery-box box-overlay dark\">\n              <div class=\"box-image image-cover\" style=\"padding-top:100%;\">\n                <img loading=\"lazy\" decoding=\"async\" width=\"600\" height=\"393\" src=\"https:\/\/erso.ee\/wp-content\/uploads\/2022\/07\/Screenshot-2022-07-20-at-20.02.03-600x393.png\" class=\"attachment-medium size-medium\" alt=\"\" ids=\"5095,6088,4490,5069,5066,4925,4875,4852,4308\" col_spacing=\"small\" columns=\"2\" image_height=\"100%\" srcset=\"https:\/\/erso.ee\/wp-content\/uploads\/2022\/07\/Screenshot-2022-07-20-at-20.02.03-600x393.png 600w, https:\/\/erso.ee\/wp-content\/uploads\/2022\/07\/Screenshot-2022-07-20-at-20.02.03-1024x670.png 1024w, https:\/\/erso.ee\/wp-content\/uploads\/2022\/07\/Screenshot-2022-07-20-at-20.02.03-150x98.png 150w, https:\/\/erso.ee\/wp-content\/uploads\/2022\/07\/Screenshot-2022-07-20-at-20.02.03-768x503.png 768w, https:\/\/erso.ee\/wp-content\/uploads\/2022\/07\/Screenshot-2022-07-20-at-20.02.03-1536x1006.png 1536w, https:\/\/erso.ee\/wp-content\/uploads\/2022\/07\/Screenshot-2022-07-20-at-20.02.03-2048x1341.png 2048w\" sizes=\"auto, (max-width: 600px) 100vw, 600px\" \/>                                  <div class=\"overlay fill\"\n                      style=\"background-color: rgba(0,0,0,.15)\">\n                  <\/div>\n                                                              <\/div>\n              <div class=\"box-text text-left\" >\n                 <p><\/p>\n              <\/div>\n            <\/div>\n            <\/a>          <\/div>\n         <\/div><div class=\"gallery-col col\" >\n          <div class=\"col-inner\">\n            <a class=\"image-lightbox lightbox-gallery\" href=\"https:\/\/erso.ee\/wp-content\/uploads\/2022\/09\/Orkestrist-juurde-neeme-asemel-1600x1067.jpg\" title=\"\">            <div class=\"box has-hover gallery-box box-overlay dark\">\n              <div class=\"box-image image-cover\" style=\"padding-top:100%;\">\n                <img loading=\"lazy\" decoding=\"async\" width=\"600\" height=\"400\" src=\"https:\/\/erso.ee\/wp-content\/uploads\/2022\/09\/Orkestrist-juurde-neeme-asemel-600x400.jpg\" class=\"attachment-medium size-medium\" alt=\"\" ids=\"5095,6088,4490,5069,5066,4925,4875,4852,4308\" col_spacing=\"small\" columns=\"2\" image_height=\"100%\" srcset=\"https:\/\/erso.ee\/wp-content\/uploads\/2022\/09\/Orkestrist-juurde-neeme-asemel-600x400.jpg 600w, https:\/\/erso.ee\/wp-content\/uploads\/2022\/09\/Orkestrist-juurde-neeme-asemel-1600x1067.jpg 1600w, https:\/\/erso.ee\/wp-content\/uploads\/2022\/09\/Orkestrist-juurde-neeme-asemel-150x100.jpg 150w, https:\/\/erso.ee\/wp-content\/uploads\/2022\/09\/Orkestrist-juurde-neeme-asemel-768x512.jpg 768w, https:\/\/erso.ee\/wp-content\/uploads\/2022\/09\/Orkestrist-juurde-neeme-asemel-1536x1024.jpg 1536w, https:\/\/erso.ee\/wp-content\/uploads\/2022\/09\/Orkestrist-juurde-neeme-asemel-2048x1365.jpg 2048w, https:\/\/erso.ee\/wp-content\/uploads\/2022\/09\/Orkestrist-juurde-neeme-asemel-1320x880.jpg 1320w\" sizes=\"auto, (max-width: 600px) 100vw, 600px\" \/>                                  <div class=\"overlay fill\"\n                      style=\"background-color: rgba(0,0,0,.15)\">\n                  <\/div>\n                                                              <\/div>\n              <div class=\"box-text text-left\" >\n                 <p><\/p>\n              <\/div>\n            <\/div>\n            <\/a>          <\/div>\n         <\/div><div class=\"gallery-col col\" >\n          <div class=\"col-inner\">\n            <a class=\"image-lightbox lightbox-gallery\" href=\"https:\/\/erso.ee\/wp-content\/uploads\/2022\/07\/2020.08.15-Foto-Anna-Aureia-Minev.-1024x683.jpg\" title=\"\">            <div class=\"box has-hover gallery-box box-overlay dark\">\n              <div class=\"box-image image-cover\" style=\"padding-top:100%;\">\n                <img loading=\"lazy\" decoding=\"async\" width=\"600\" height=\"400\" src=\"https:\/\/erso.ee\/wp-content\/uploads\/2022\/07\/2020.08.15-Foto-Anna-Aureia-Minev.-600x400.jpg\" class=\"attachment-medium size-medium\" alt=\"\" ids=\"5095,6088,4490,5069,5066,4925,4875,4852,4308\" col_spacing=\"small\" columns=\"2\" image_height=\"100%\" srcset=\"https:\/\/erso.ee\/wp-content\/uploads\/2022\/07\/2020.08.15-Foto-Anna-Aureia-Minev.-600x400.jpg 600w, https:\/\/erso.ee\/wp-content\/uploads\/2022\/07\/2020.08.15-Foto-Anna-Aureia-Minev.-1024x683.jpg 1024w, https:\/\/erso.ee\/wp-content\/uploads\/2022\/07\/2020.08.15-Foto-Anna-Aureia-Minev.-150x100.jpg 150w, https:\/\/erso.ee\/wp-content\/uploads\/2022\/07\/2020.08.15-Foto-Anna-Aureia-Minev.-768x512.jpg 768w, https:\/\/erso.ee\/wp-content\/uploads\/2022\/07\/2020.08.15-Foto-Anna-Aureia-Minev.-1536x1024.jpg 1536w, https:\/\/erso.ee\/wp-content\/uploads\/2022\/07\/2020.08.15-Foto-Anna-Aureia-Minev..jpg 1620w\" sizes=\"auto, (max-width: 600px) 100vw, 600px\" \/>                                  <div class=\"overlay fill\"\n                      style=\"background-color: rgba(0,0,0,.15)\">\n                  <\/div>\n                                                              <\/div>\n              <div class=\"box-text text-left\" >\n                 <p><\/p>\n              <\/div>\n            <\/div>\n            <\/a>          <\/div>\n         <\/div><div class=\"gallery-col col\" >\n          <div class=\"col-inner\">\n            <a class=\"image-lightbox lightbox-gallery\" href=\"https:\/\/erso.ee\/wp-content\/uploads\/2022\/07\/The-ensemble-playing-Reich_Richter-18.09.2020.-Source_Jacques-Alain-Finkeltroc-1024x683.jpg\" title=\"\">            <div class=\"box has-hover gallery-box box-overlay dark\">\n              <div class=\"box-image image-cover\" style=\"padding-top:100%;\">\n                <img loading=\"lazy\" decoding=\"async\" width=\"600\" height=\"400\" src=\"https:\/\/erso.ee\/wp-content\/uploads\/2022\/07\/The-ensemble-playing-Reich_Richter-18.09.2020.-Source_Jacques-Alain-Finkeltroc-600x400.jpg\" class=\"attachment-medium size-medium\" alt=\"\" ids=\"5095,6088,4490,5069,5066,4925,4875,4852,4308\" col_spacing=\"small\" columns=\"2\" image_height=\"100%\" srcset=\"https:\/\/erso.ee\/wp-content\/uploads\/2022\/07\/The-ensemble-playing-Reich_Richter-18.09.2020.-Source_Jacques-Alain-Finkeltroc-600x400.jpg 600w, https:\/\/erso.ee\/wp-content\/uploads\/2022\/07\/The-ensemble-playing-Reich_Richter-18.09.2020.-Source_Jacques-Alain-Finkeltroc-1024x683.jpg 1024w, https:\/\/erso.ee\/wp-content\/uploads\/2022\/07\/The-ensemble-playing-Reich_Richter-18.09.2020.-Source_Jacques-Alain-Finkeltroc-150x100.jpg 150w, https:\/\/erso.ee\/wp-content\/uploads\/2022\/07\/The-ensemble-playing-Reich_Richter-18.09.2020.-Source_Jacques-Alain-Finkeltroc-768x512.jpg 768w, https:\/\/erso.ee\/wp-content\/uploads\/2022\/07\/The-ensemble-playing-Reich_Richter-18.09.2020.-Source_Jacques-Alain-Finkeltroc-1536x1024.jpg 1536w, https:\/\/erso.ee\/wp-content\/uploads\/2022\/07\/The-ensemble-playing-Reich_Richter-18.09.2020.-Source_Jacques-Alain-Finkeltroc.jpg 1620w\" sizes=\"auto, (max-width: 600px) 100vw, 600px\" \/>                                  <div class=\"overlay fill\"\n                      style=\"background-color: rgba(0,0,0,.15)\">\n                  <\/div>\n                                                              <\/div>\n              <div class=\"box-text text-left\" >\n                 <p><\/p>\n              <\/div>\n            <\/div>\n            <\/a>          <\/div>\n         <\/div><div class=\"gallery-col col\" >\n          <div class=\"col-inner\">\n            <a class=\"image-lightbox lightbox-gallery\" href=\"https:\/\/erso.ee\/wp-content\/uploads\/2022\/07\/Estonian-Symphony-Orchestra-and-Olari-Elts-photo-by-Tiit-Mottus-1024x682-1.jpg\" title=\"\">            <div class=\"box has-hover gallery-box box-overlay dark\">\n              <div class=\"box-image image-cover\" style=\"padding-top:100%;\">\n                <img loading=\"lazy\" decoding=\"async\" width=\"600\" height=\"400\" src=\"https:\/\/erso.ee\/wp-content\/uploads\/2022\/07\/Estonian-Symphony-Orchestra-and-Olari-Elts-photo-by-Tiit-Mottus-1024x682-1-600x400.jpg\" class=\"attachment-medium size-medium\" alt=\"\" ids=\"5095,6088,4490,5069,5066,4925,4875,4852,4308\" col_spacing=\"small\" columns=\"2\" image_height=\"100%\" srcset=\"https:\/\/erso.ee\/wp-content\/uploads\/2022\/07\/Estonian-Symphony-Orchestra-and-Olari-Elts-photo-by-Tiit-Mottus-1024x682-1-600x400.jpg 600w, https:\/\/erso.ee\/wp-content\/uploads\/2022\/07\/Estonian-Symphony-Orchestra-and-Olari-Elts-photo-by-Tiit-Mottus-1024x682-1-150x100.jpg 150w, https:\/\/erso.ee\/wp-content\/uploads\/2022\/07\/Estonian-Symphony-Orchestra-and-Olari-Elts-photo-by-Tiit-Mottus-1024x682-1-768x512.jpg 768w, https:\/\/erso.ee\/wp-content\/uploads\/2022\/07\/Estonian-Symphony-Orchestra-and-Olari-Elts-photo-by-Tiit-Mottus-1024x682-1.jpg 1024w\" sizes=\"auto, (max-width: 600px) 100vw, 600px\" \/>                                  <div class=\"overlay fill\"\n                      style=\"background-color: rgba(0,0,0,.15)\">\n                  <\/div>\n                                                              <\/div>\n              <div class=\"box-text text-left\" >\n                 <p><\/p>\n              <\/div>\n            <\/div>\n            <\/a>          <\/div>\n         <\/div><div class=\"gallery-col col\" >\n          <div class=\"col-inner\">\n            <a class=\"image-lightbox lightbox-gallery\" href=\"https:\/\/erso.ee\/wp-content\/uploads\/2022\/07\/013_foto-netist_tallinnarts.com_.jpg\" title=\"\">            <div class=\"box has-hover gallery-box box-overlay dark\">\n              <div class=\"box-image image-cover\" style=\"padding-top:100%;\">\n                <img loading=\"lazy\" decoding=\"async\" width=\"600\" height=\"600\" src=\"https:\/\/erso.ee\/wp-content\/uploads\/2022\/07\/013_foto-netist_tallinnarts.com_-600x600.jpg\" class=\"attachment-medium size-medium\" alt=\"\" ids=\"5095,6088,4490,5069,5066,4925,4875,4852,4308\" col_spacing=\"small\" columns=\"2\" image_height=\"100%\" srcset=\"https:\/\/erso.ee\/wp-content\/uploads\/2022\/07\/013_foto-netist_tallinnarts.com_-600x600.jpg 600w, https:\/\/erso.ee\/wp-content\/uploads\/2022\/07\/013_foto-netist_tallinnarts.com_-150x150.jpg 150w, https:\/\/erso.ee\/wp-content\/uploads\/2022\/07\/013_foto-netist_tallinnarts.com_-768x768.jpg 768w, https:\/\/erso.ee\/wp-content\/uploads\/2022\/07\/013_foto-netist_tallinnarts.com_.jpg 904w\" sizes=\"auto, (max-width: 600px) 100vw, 600px\" \/>                                  <div class=\"overlay fill\"\n                      style=\"background-color: rgba(0,0,0,.15)\">\n                  <\/div>\n                                                              <\/div>\n              <div class=\"box-text text-left\" >\n                 <p><\/p>\n              <\/div>\n            <\/div>\n            <\/a>          <\/div>\n         <\/div><div class=\"gallery-col col\" >\n          <div class=\"col-inner\">\n            <a class=\"image-lightbox lightbox-gallery\" href=\"https:\/\/erso.ee\/wp-content\/uploads\/2022\/07\/sirp_24_22_0012__art_r1.jpeg\" title=\"\">            <div class=\"box has-hover gallery-box box-overlay dark\">\n              <div class=\"box-image image-cover\" style=\"padding-top:100%;\">\n                <img loading=\"lazy\" decoding=\"async\" width=\"600\" height=\"400\" src=\"https:\/\/erso.ee\/wp-content\/uploads\/2022\/07\/sirp_24_22_0012__art_r1-600x400.jpeg\" class=\"attachment-medium size-medium\" alt=\"\" ids=\"5095,6088,4490,5069,5066,4925,4875,4852,4308\" col_spacing=\"small\" columns=\"2\" image_height=\"100%\" srcset=\"https:\/\/erso.ee\/wp-content\/uploads\/2022\/07\/sirp_24_22_0012__art_r1-600x400.jpeg 600w, https:\/\/erso.ee\/wp-content\/uploads\/2022\/07\/sirp_24_22_0012__art_r1-150x100.jpeg 150w, https:\/\/erso.ee\/wp-content\/uploads\/2022\/07\/sirp_24_22_0012__art_r1-768x512.jpeg 768w, https:\/\/erso.ee\/wp-content\/uploads\/2022\/07\/sirp_24_22_0012__art_r1.jpeg 800w\" sizes=\"auto, (max-width: 600px) 100vw, 600px\" \/>                                  <div class=\"overlay fill\"\n                      style=\"background-color: rgba(0,0,0,.15)\">\n                  <\/div>\n                                                              <\/div>\n              <div class=\"box-text text-left\" >\n                 <p><\/p>\n              <\/div>\n            <\/div>\n            <\/a>          <\/div>\n         <\/div><div class=\"gallery-col col\" >\n          <div class=\"col-inner\">\n            <a class=\"image-lightbox lightbox-gallery\" href=\"https:\/\/erso.ee\/wp-content\/uploads\/2022\/07\/20220318-ERSOUkrainatoetusekontsert-kiurkaasik-35-1-scaled-1-1024x683.jpg\" title=\"\">            <div class=\"box has-hover gallery-box box-overlay dark\">\n              <div class=\"box-image image-cover\" style=\"padding-top:100%;\">\n                <img loading=\"lazy\" decoding=\"async\" width=\"600\" height=\"400\" src=\"https:\/\/erso.ee\/wp-content\/uploads\/2022\/07\/20220318-ERSOUkrainatoetusekontsert-kiurkaasik-35-1-scaled-1-600x400.jpg\" class=\"attachment-medium size-medium\" alt=\"\" ids=\"5095,6088,4490,5069,5066,4925,4875,4852,4308\" col_spacing=\"small\" columns=\"2\" image_height=\"100%\" srcset=\"https:\/\/erso.ee\/wp-content\/uploads\/2022\/07\/20220318-ERSOUkrainatoetusekontsert-kiurkaasik-35-1-scaled-1-600x400.jpg 600w, https:\/\/erso.ee\/wp-content\/uploads\/2022\/07\/20220318-ERSOUkrainatoetusekontsert-kiurkaasik-35-1-scaled-1-1024x683.jpg 1024w, https:\/\/erso.ee\/wp-content\/uploads\/2022\/07\/20220318-ERSOUkrainatoetusekontsert-kiurkaasik-35-1-scaled-1-150x100.jpg 150w, https:\/\/erso.ee\/wp-content\/uploads\/2022\/07\/20220318-ERSOUkrainatoetusekontsert-kiurkaasik-35-1-scaled-1-768x512.jpg 768w, https:\/\/erso.ee\/wp-content\/uploads\/2022\/07\/20220318-ERSOUkrainatoetusekontsert-kiurkaasik-35-1-scaled-1-1536x1024.jpg 1536w, https:\/\/erso.ee\/wp-content\/uploads\/2022\/07\/20220318-ERSOUkrainatoetusekontsert-kiurkaasik-35-1-scaled-1-2048x1366.jpg 2048w\" sizes=\"auto, (max-width: 600px) 100vw, 600px\" \/>                                  <div class=\"overlay fill\"\n                      style=\"background-color: rgba(0,0,0,.15)\">\n                  <\/div>\n                                                              <\/div>\n              <div class=\"box-text text-left\" >\n                 <p><\/p>\n              <\/div>\n            <\/div>\n            <\/a>          <\/div>\n         <\/div><div class=\"gallery-col col\" >\n          <div class=\"col-inner\">\n            <a class=\"image-lightbox lightbox-gallery\" href=\"https:\/\/erso.ee\/wp-content\/uploads\/2022\/07\/DSC05438-1024x575.jpg\" title=\"\">            <div class=\"box has-hover gallery-box box-overlay dark\">\n              <div class=\"box-image image-cover\" style=\"padding-top:100%;\">\n                <img loading=\"lazy\" decoding=\"async\" width=\"600\" height=\"337\" src=\"https:\/\/erso.ee\/wp-content\/uploads\/2022\/07\/DSC05438-600x337.jpg\" class=\"attachment-medium size-medium\" alt=\"\" ids=\"5095,6088,4490,5069,5066,4925,4875,4852,4308\" col_spacing=\"small\" columns=\"2\" image_height=\"100%\" srcset=\"https:\/\/erso.ee\/wp-content\/uploads\/2022\/07\/DSC05438-600x337.jpg 600w, https:\/\/erso.ee\/wp-content\/uploads\/2022\/07\/DSC05438-1024x575.jpg 1024w, https:\/\/erso.ee\/wp-content\/uploads\/2022\/07\/DSC05438-150x84.jpg 150w, https:\/\/erso.ee\/wp-content\/uploads\/2022\/07\/DSC05438-768x431.jpg 768w, https:\/\/erso.ee\/wp-content\/uploads\/2022\/07\/DSC05438-1536x862.jpg 1536w, https:\/\/erso.ee\/wp-content\/uploads\/2022\/07\/DSC05438-2048x1149.jpg 2048w\" sizes=\"auto, (max-width: 600px) 100vw, 600px\" \/>                                  <div class=\"overlay fill\"\n                      style=\"background-color: rgba(0,0,0,.15)\">\n                  <\/div>\n                                                              <\/div>\n              <div class=\"box-text text-left\" >\n                 <p><\/p>\n              <\/div>\n            <\/div>\n            <\/a>          <\/div>\n         <\/div><\/div>\n\n\n\t\t<\/div>\n\t\t\t\t\t<\/div>\n\n\t\n\n<\/div>\n\n","protected":false},"excerpt":{"rendered":"","protected":false},"author":2,"featured_media":0,"parent":0,"menu_order":0,"comment_status":"closed","ping_status":"closed","template":"","meta":{"_acf_changed":false,"inline_featured_image":false,"footnotes":""},"class_list":["post-5333","page","type-page","status-publish","hentry"],"acf":[],"_links":{"self":[{"href":"https:\/\/erso.ee\/en\/wp-json\/wp\/v2\/pages\/5333","targetHints":{"allow":["GET"]}}],"collection":[{"href":"https:\/\/erso.ee\/en\/wp-json\/wp\/v2\/pages"}],"about":[{"href":"https:\/\/erso.ee\/en\/wp-json\/wp\/v2\/types\/page"}],"author":[{"embeddable":true,"href":"https:\/\/erso.ee\/en\/wp-json\/wp\/v2\/users\/2"}],"replies":[{"embeddable":true,"href":"https:\/\/erso.ee\/en\/wp-json\/wp\/v2\/comments?post=5333"}],"version-history":[{"count":9,"href":"https:\/\/erso.ee\/en\/wp-json\/wp\/v2\/pages\/5333\/revisions"}],"predecessor-version":[{"id":9641,"href":"https:\/\/erso.ee\/en\/wp-json\/wp\/v2\/pages\/5333\/revisions\/9641"}],"wp:attachment":[{"href":"https:\/\/erso.ee\/en\/wp-json\/wp\/v2\/media?parent=5333"}],"curies":[{"name":"wp","href":"https:\/\/api.w.org\/{rel}","templated":true}]}}