{"id":5318,"date":"2022-06-09T12:41:35","date_gmt":"2022-06-09T10:41:35","guid":{"rendered":"https:\/\/erso.ee\/sa-erso\/"},"modified":"2025-10-28T09:59:03","modified_gmt":"2025-10-28T07:59:03","slug":"sa-erso","status":"publish","type":"page","link":"https:\/\/erso.ee\/en\/sa-erso\/","title":{"rendered":"SA ERSO"},"content":{"rendered":"\n<div class=\"row\"  id=\"row-2086683\">\n\n\n\t<div id=\"col-337043086\" class=\"col medium-6 small-12 large-6\"  >\n\t\t\t\t<div class=\"col-inner\"  >\n\t\t\t\n\t\t\t\n\n<p>SA Estonian National Symphony Orchestra (SA ERSO) has been active from 13 January 2014 as a successor of state agency Estonian National Symphony Orchestra. Download the <a href=\"https:\/\/erso.ee\/wp-content\/uploads\/2022\/09\/SA_ERSO_pohikiri_10.03.2017.pdf\" target=\"_blank\" rel=\"noopener\">SA ERSO Articles of Association<\/a> (10 March 2017).<\/p>\n<h2>Advisory Board of SA ERSO:<\/h2>\n<p>Kertu Aksiim<br \/>Kristel Pappel<br \/>Toomas Prangli<br \/>Kaidi Ruusalepp<br \/>Risto Kaarna<\/p>\n<h2>Artistic Advisory Board of SA ERSO:<\/h2>\n<p>Olari Elts<br \/>Kristjan Hallik<br \/>Erkki-Sven T\u00fc\u00fcr<br \/>Arvo Leibur<br \/>Triin Ruubel-Lilleberg<br \/>Dalia Dedinskaite<br \/>Indrek Leivategija<br \/>Mihkel Pe\u00e4ske<br \/>Mati Lukk<\/p>\n<hr \/>\n<h2>Documents<\/h2>\n<a href=\"https:\/\/erso.ee\/wp-content\/uploads\/2022\/09\/ERSO-koik-dokumendid-14092022-seisuga.zip\" target=\"_blank\" class=\"button primary\" rel=\"noopener\"  >\n\t\t<span>Download all<\/span>\n\t<\/a>\n\n\n\t<div class=\"ux-menu stack stack-col justify-start ux-menu--divider-solid\">\n\t\t\n\n\t<div class=\"ux-menu-link flex menu-item\">\n\t\t<a class=\"ux-menu-link__link flex\" href=\"https:\/\/erso.ee\/wp-content\/uploads\/2022\/09\/SA_ERSO_pohikiri_10.03.2017.pdf\" target=\"_blank\" rel=\"noopener\">\n\t\t\t\t\t\t<span class=\"ux-menu-link__text\">\n\t\t\t\tSA ERSO Articles of Association 10.03.2017\t\t\t<\/span>\n\t\t<\/a>\n\t<\/div>\n\t\n\n\n\t<\/div>\n\t\n<div class=\"accordion\">\n\n\t<div id=\"accordion-2443518000\" class=\"accordion-item\">\n\t\t<a id=\"accordion-2443518000-label\" class=\"accordion-title plain\" href=\"#accordion-item-2022\" aria-expanded=\"false\" aria-controls=\"accordion-2443518000-content\" >\n\t\t\t<button class=\"toggle\" aria-label=\"Toggle\"><i class=\"icon-angle-down\"><\/i><\/button>\n\t\t\t<span>2022<\/span>\n\t\t<\/a>\n\t\t<div id=\"accordion-2443518000-content\" class=\"accordion-inner\" aria-labelledby=\"accordion-2443518000-label\" >\n\t\t\t\n\n\t<div class=\"ux-menu stack stack-col justify-start ux-menu--divider-solid\">\n\t\t\n\n\t<div class=\"ux-menu-link flex menu-item\">\n\t\t<a class=\"ux-menu-link__link flex\" href=\"https:\/\/erso.ee\/wp-content\/uploads\/2022\/09\/2022-eelarve.xlsx\" target=\"_blank\" rel=\"noopener\">\n\t\t\t<i class=\"ux-menu-link__icon text-center icon-angle-right\" ><\/i>\t\t\t<span class=\"ux-menu-link__text\">\n\t\t\t\t2022 eelarve\t\t\t<\/span>\n\t\t<\/a>\n\t<\/div>\n\t\n\n\n\t<\/div>\n\t\n\n\t\t<\/div>\n\t<\/div>\n\t\n\t<div id=\"accordion-20796874\" class=\"accordion-item\">\n\t\t<a id=\"accordion-20796874-label\" class=\"accordion-title plain\" href=\"#accordion-item-2021\" aria-expanded=\"false\" aria-controls=\"accordion-20796874-content\" >\n\t\t\t<button class=\"toggle\" aria-label=\"Toggle\"><i class=\"icon-angle-down\"><\/i><\/button>\n\t\t\t<span>2021<\/span>\n\t\t<\/a>\n\t\t<div id=\"accordion-20796874-content\" class=\"accordion-inner\" aria-labelledby=\"accordion-20796874-label\" >\n\t\t\t\n\n\t<div class=\"ux-menu stack stack-col justify-start ux-menu--divider-solid\">\n\t\t\n\n\t<div class=\"ux-menu-link flex menu-item\">\n\t\t<a class=\"ux-menu-link__link flex\" href=\"https:\/\/erso.ee\/wp-content\/uploads\/2022\/09\/SA-ERSO-tegevuskava-aastaks-2021.doc\" target=\"_blank\" rel=\"noopener\">\n\t\t\t<i class=\"ux-menu-link__icon text-center icon-angle-right\" ><\/i>\t\t\t<span class=\"ux-menu-link__text\">\n\t\t\t\tSA ERSO tegevuskava aastaks 2021\t\t\t<\/span>\n\t\t<\/a>\n\t<\/div>\n\t\n\n\t<div class=\"ux-menu-link flex menu-item\">\n\t\t<a class=\"ux-menu-link__link flex\" href=\"https:\/\/erso.ee\/wp-content\/uploads\/2022\/09\/Kassakulude-aruanne_102021_ERSO.pdf\" target=\"_blank\" rel=\"noopener\">\n\t\t\t<i class=\"ux-menu-link__icon text-center icon-angle-right\" ><\/i>\t\t\t<span class=\"ux-menu-link__text\">\n\t\t\t\tKassakulude aruanne_102021_ERSO\t\t\t<\/span>\n\t\t<\/a>\n\t<\/div>\n\t\n\n\t<div class=\"ux-menu-link flex menu-item\">\n\t\t<a class=\"ux-menu-link__link flex\" href=\"https:\/\/erso.ee\/wp-content\/uploads\/2022\/09\/2021-eelarve-1.xlsx\" target=\"_blank\" rel=\"noopener\">\n\t\t\t<i class=\"ux-menu-link__icon text-center icon-angle-right\" ><\/i>\t\t\t<span class=\"ux-menu-link__text\">\n\t\t\t\t2021 eelarve\t\t\t<\/span>\n\t\t<\/a>\n\t<\/div>\n\t\n\n\t<div class=\"ux-menu-link flex menu-item\">\n\t\t<a class=\"ux-menu-link__link flex\" href=\"https:\/\/erso.ee\/wp-content\/uploads\/2022\/09\/Kasumiaruanne-2021.04.pdf\" target=\"_blank\" rel=\"noopener\">\n\t\t\t<i class=\"ux-menu-link__icon text-center icon-angle-right\" ><\/i>\t\t\t<span class=\"ux-menu-link__text\">\n\t\t\t\tKasumiaruanne 2021.04\t\t\t<\/span>\n\t\t<\/a>\n\t<\/div>\n\t\n\n\t<div class=\"ux-menu-link flex menu-item\">\n\t\t<a class=\"ux-menu-link__link flex\" href=\"https:\/\/erso.ee\/wp-content\/uploads\/2022\/09\/RV-2021.03.pdf\" target=\"_blank\" rel=\"noopener\">\n\t\t\t<i class=\"ux-menu-link__icon text-center icon-angle-right\" ><\/i>\t\t\t<span class=\"ux-menu-link__text\">\n\t\t\t\tRV 2021.03\t\t\t<\/span>\n\t\t<\/a>\n\t<\/div>\n\t\n\n\t<div class=\"ux-menu-link flex menu-item\">\n\t\t<a class=\"ux-menu-link__link flex\" href=\"https:\/\/erso.ee\/wp-content\/uploads\/2022\/09\/2021-03-kuud-002.xlsx\" target=\"_blank\" rel=\"noopener\">\n\t\t\t<i class=\"ux-menu-link__icon text-center icon-angle-right\" ><\/i>\t\t\t<span class=\"ux-menu-link__text\">\n\t\t\t\t2021 03 kuud (002)\t\t\t<\/span>\n\t\t<\/a>\n\t<\/div>\n\t\n\n\t<div class=\"ux-menu-link flex menu-item\">\n\t\t<a class=\"ux-menu-link__link flex\" href=\"https:\/\/erso.ee\/wp-content\/uploads\/2022\/09\/2021-04-kuud-1.pdf\" target=\"_blank\" rel=\"noopener\">\n\t\t\t<i class=\"ux-menu-link__icon text-center icon-angle-right\" ><\/i>\t\t\t<span class=\"ux-menu-link__text\">\n\t\t\t\t2021 04 kuud (1)\t\t\t<\/span>\n\t\t<\/a>\n\t<\/div>\n\t\n\n\t<div class=\"ux-menu-link flex menu-item\">\n\t\t<a class=\"ux-menu-link__link flex\" href=\"https:\/\/erso.ee\/wp-content\/uploads\/2022\/09\/Tulemiaruanne-detailne_102021_SA-infosust-002.pdf\" target=\"_blank\" rel=\"noopener\">\n\t\t\t<i class=\"ux-menu-link__icon text-center icon-angle-right\" ><\/i>\t\t\t<span class=\"ux-menu-link__text\">\n\t\t\t\tTulemiaruanne detailne_102021_SA infos\u00fcst (002)\t\t\t<\/span>\n\t\t<\/a>\n\t<\/div>\n\t\n\n\t<div class=\"ux-menu-link flex menu-item\">\n\t\t<a class=\"ux-menu-link__link flex\" href=\"https:\/\/erso.ee\/wp-content\/uploads\/2022\/09\/Bilanss-detailne-_102021_ERSO.pdf\" target=\"_blank\" rel=\"noopener\">\n\t\t\t<i class=\"ux-menu-link__icon text-center icon-angle-right\" ><\/i>\t\t\t<span class=\"ux-menu-link__text\">\n\t\t\t\tBilanss detailne _102021_ERSO\t\t\t<\/span>\n\t\t<\/a>\n\t<\/div>\n\t\n\n\t<div class=\"ux-menu-link flex menu-item\">\n\t\t<a class=\"ux-menu-link__link flex\" href=\"https:\/\/erso.ee\/wp-content\/uploads\/2022\/09\/Kassakulude-aruanne_072021_ERSO.xls\" target=\"_blank\" rel=\"noopener\">\n\t\t\t<i class=\"ux-menu-link__icon text-center icon-angle-right\" ><\/i>\t\t\t<span class=\"ux-menu-link__text\">\n\t\t\t\tKassakulude aruanne_072021_ERSO\t\t\t<\/span>\n\t\t<\/a>\n\t<\/div>\n\t\n\n\t<div class=\"ux-menu-link flex menu-item\">\n\t\t<a class=\"ux-menu-link__link flex\" href=\"https:\/\/erso.ee\/wp-content\/uploads\/2022\/09\/Tulemiaruanne-detailne_072021_ERSO.xls\" target=\"_blank\" rel=\"noopener\">\n\t\t\t<i class=\"ux-menu-link__icon text-center icon-angle-right\" ><\/i>\t\t\t<span class=\"ux-menu-link__text\">\n\t\t\t\tTulemiaruanne, detailne_072021_ERSO\t\t\t<\/span>\n\t\t<\/a>\n\t<\/div>\n\t\n\n\t<div class=\"ux-menu-link flex menu-item\">\n\t\t<a class=\"ux-menu-link__link flex\" href=\"https:\/\/erso.ee\/wp-content\/uploads\/2022\/09\/Bilanss-detailne_072021_ERSO.xls\" target=\"_blank\" rel=\"noopener\">\n\t\t\t<i class=\"ux-menu-link__icon text-center icon-angle-right\" ><\/i>\t\t\t<span class=\"ux-menu-link__text\">\n\t\t\t\tBilanss, detailne_072021_ERSO\t\t\t<\/span>\n\t\t<\/a>\n\t<\/div>\n\t\n\n\t<div class=\"ux-menu-link flex menu-item\">\n\t\t<a class=\"ux-menu-link__link flex\" href=\"https:\/\/erso.ee\/wp-content\/uploads\/2022\/09\/ERSO-rahavood_2021-aprill.pdf\" target=\"_blank\" rel=\"noopener\">\n\t\t\t<i class=\"ux-menu-link__icon text-center icon-angle-right\" ><\/i>\t\t\t<span class=\"ux-menu-link__text\">\n\t\t\t\tERSO rahavood_2021 aprill\t\t\t<\/span>\n\t\t<\/a>\n\t<\/div>\n\t\n\n\t<div class=\"ux-menu-link flex menu-item\">\n\t\t<a class=\"ux-menu-link__link flex\" href=\"https:\/\/erso.ee\/wp-content\/uploads\/2022\/09\/Tulemiaruanne-2021_10-kuud_vol2.xlsx\" target=\"_blank\" rel=\"noopener\">\n\t\t\t<i class=\"ux-menu-link__icon text-center icon-angle-right\" ><\/i>\t\t\t<span class=\"ux-menu-link__text\">\n\t\t\t\tTulemiaruanne 2021_10 kuud_vol2\t\t\t<\/span>\n\t\t<\/a>\n\t<\/div>\n\t\n\n\t<div class=\"ux-menu-link flex menu-item\">\n\t\t<a class=\"ux-menu-link__link flex\" href=\"https:\/\/erso.ee\/wp-content\/uploads\/2022\/09\/210910_7_ERSO-koosseis-alates-02.08.2021.docx\" target=\"_blank\" rel=\"noopener\">\n\t\t\t<i class=\"ux-menu-link__icon text-center icon-angle-right\" ><\/i>\t\t\t<span class=\"ux-menu-link__text\">\n\t\t\t\t210910_7_ERSO koosseis alates 02.08.2021\t\t\t<\/span>\n\t\t<\/a>\n\t<\/div>\n\t\n\n\t<div class=\"ux-menu-link flex menu-item\">\n\t\t<a class=\"ux-menu-link__link flex\" href=\"https:\/\/erso.ee\/wp-content\/uploads\/2022\/09\/20210113-Erakorralise-koosoleku-protokoll-nr.-1.docx\" target=\"_blank\" rel=\"noopener\">\n\t\t\t<i class=\"ux-menu-link__icon text-center icon-angle-right\" ><\/i>\t\t\t<span class=\"ux-menu-link__text\">\n\t\t\t\t20210113 Erakorralise koosoleku protokoll nr. 1\t\t\t<\/span>\n\t\t<\/a>\n\t<\/div>\n\t\n\n\t<div class=\"ux-menu-link flex menu-item\">\n\t\t<a class=\"ux-menu-link__link flex\" href=\"https:\/\/erso.ee\/wp-content\/uploads\/2022\/09\/20210429_-Noukogu-koosleku-protokoll-nr.-2.docx\" target=\"_blank\" rel=\"noopener\">\n\t\t\t<i class=\"ux-menu-link__icon text-center icon-angle-right\" ><\/i>\t\t\t<span class=\"ux-menu-link__text\">\n\t\t\t\t20210429_ N\u00f5ukogu koosleku protokoll nr. 2\t\t\t<\/span>\n\t\t<\/a>\n\t<\/div>\n\t\n\n\t<div class=\"ux-menu-link flex menu-item\">\n\t\t<a class=\"ux-menu-link__link flex\" href=\"https:\/\/erso.ee\/wp-content\/uploads\/2022\/09\/20210526_-Noukogu-koosleku-protokoll-nr.-3.docx\" target=\"_blank\" rel=\"noopener\">\n\t\t\t<i class=\"ux-menu-link__icon text-center icon-angle-right\" ><\/i>\t\t\t<span class=\"ux-menu-link__text\">\n\t\t\t\t20210526_ N\u00f5ukogu koosleku protokoll nr. 3\t\t\t<\/span>\n\t\t<\/a>\n\t<\/div>\n\t\n\n\t<div class=\"ux-menu-link flex menu-item\">\n\t\t<a class=\"ux-menu-link__link flex\" href=\"https:\/\/erso.ee\/wp-content\/uploads\/2022\/09\/20210909_-Noukogu-koosoleku-protokoll-nr.-4.docx\" target=\"_blank\" rel=\"noopener\">\n\t\t\t<i class=\"ux-menu-link__icon text-center icon-angle-right\" ><\/i>\t\t\t<span class=\"ux-menu-link__text\">\n\t\t\t\t20210909_ N\u00f5ukogu koosoleku protokoll nr. 4\t\t\t<\/span>\n\t\t<\/a>\n\t<\/div>\n\t\n\n\t<div class=\"ux-menu-link flex menu-item\">\n\t\t<a class=\"ux-menu-link__link flex\" href=\"https:\/\/erso.ee\/wp-content\/uploads\/2022\/09\/20211214_-Noukogu-koosoleku-protokoll-nr.-5.docx\" target=\"_blank\" rel=\"noopener\">\n\t\t\t<i class=\"ux-menu-link__icon text-center icon-angle-right\" ><\/i>\t\t\t<span class=\"ux-menu-link__text\">\n\t\t\t\t20211214_ N\u00f5ukogu koosoleku protokoll nr. 5\t\t\t<\/span>\n\t\t<\/a>\n\t<\/div>\n\t\n\n\t<div class=\"ux-menu-link flex menu-item\">\n\t\t<a class=\"ux-menu-link__link flex\" href=\"https:\/\/erso.ee\/wp-content\/uploads\/2022\/09\/20211223_-Noukogu-erakorralise-e-koosoleku-protokoll-nr.-6.docx\" target=\"_blank\" rel=\"noopener\">\n\t\t\t<i class=\"ux-menu-link__icon text-center icon-angle-right\" ><\/i>\t\t\t<span class=\"ux-menu-link__text\">\n\t\t\t\t20211223_ N\u00f5ukogu erakorralise e-koosoleku protokoll nr. 6\t\t\t<\/span>\n\t\t<\/a>\n\t<\/div>\n\t\n\n\n\t<\/div>\n\t\n\n\t\t<\/div>\n\t<\/div>\n\t\n\t<div id=\"accordion-986245285\" class=\"accordion-item\">\n\t\t<a id=\"accordion-986245285-label\" class=\"accordion-title plain\" href=\"#accordion-item-2020\" aria-expanded=\"false\" aria-controls=\"accordion-986245285-content\" >\n\t\t\t<button class=\"toggle\" aria-label=\"Toggle\"><i class=\"icon-angle-down\"><\/i><\/button>\n\t\t\t<span>2020<\/span>\n\t\t<\/a>\n\t\t<div id=\"accordion-986245285-content\" class=\"accordion-inner\" aria-labelledby=\"accordion-986245285-label\" >\n\t\t\t\n\n\t<div class=\"ux-menu stack stack-col justify-start ux-menu--divider-solid\">\n\t\t\n\n\t<div class=\"ux-menu-link flex menu-item\">\n\t\t<a class=\"ux-menu-link__link flex\" href=\"https:\/\/erso.ee\/wp-content\/uploads\/2022\/09\/ERSO-rahavood_2020-.pdf\" target=\"_blank\" rel=\"noopener\">\n\t\t\t<i class=\"ux-menu-link__icon text-center icon-angle-right\" ><\/i>\t\t\t<span class=\"ux-menu-link__text\">\n\t\t\t\tERSO rahavood_2020\t\t\t<\/span>\n\t\t<\/a>\n\t<\/div>\n\t\n\n\t<div class=\"ux-menu-link flex menu-item\">\n\t\t<a class=\"ux-menu-link__link flex\" href=\"https:\/\/erso.ee\/wp-content\/uploads\/2022\/09\/2019-ja-2020-kuu-vordlus.pdf\" target=\"_blank\" rel=\"noopener\">\n\t\t\t<i class=\"ux-menu-link__icon text-center icon-angle-right\" ><\/i>\t\t\t<span class=\"ux-menu-link__text\">\n\t\t\t\t2019 ja 2020 kuu v\u00f5rdlus\t\t\t<\/span>\n\t\t<\/a>\n\t<\/div>\n\t\n\n\t<div class=\"ux-menu-link flex menu-item\">\n\t\t<a class=\"ux-menu-link__link flex\" href=\"https:\/\/erso.ee\/wp-content\/uploads\/2022\/09\/Ulevaade-SA-ERSO-noukogu-2020.-aasta-toost.docx\" target=\"_blank\" rel=\"noopener\">\n\t\t\t<i class=\"ux-menu-link__icon text-center icon-angle-right\" ><\/i>\t\t\t<span class=\"ux-menu-link__text\">\n\t\t\t\t\u00dclevaade SA ERSO n\u00f5ukogu 2020. aasta t\u00f6\u00f6st\t\t\t<\/span>\n\t\t<\/a>\n\t<\/div>\n\t\n\n\t<div class=\"ux-menu-link flex menu-item\">\n\t\t<a class=\"ux-menu-link__link flex\" href=\"https:\/\/erso.ee\/wp-content\/uploads\/2022\/09\/audiitori_otsus_90012610_2020.pdf\" target=\"_blank\" rel=\"noopener\">\n\t\t\t<i class=\"ux-menu-link__icon text-center icon-angle-right\" ><\/i>\t\t\t<span class=\"ux-menu-link__text\">\n\t\t\t\taudiitori_otsus_90012610_2020\t\t\t<\/span>\n\t\t<\/a>\n\t<\/div>\n\t\n\n\n\t<\/div>\n\t\n\n\t\t<\/div>\n\t<\/div>\n\t\n\t<div id=\"accordion-1979651094\" class=\"accordion-item\">\n\t\t<a id=\"accordion-1979651094-label\" class=\"accordion-title plain\" href=\"#accordion-item-2019\" aria-expanded=\"false\" aria-controls=\"accordion-1979651094-content\" >\n\t\t\t<button class=\"toggle\" aria-label=\"Toggle\"><i class=\"icon-angle-down\"><\/i><\/button>\n\t\t\t<span>2019<\/span>\n\t\t<\/a>\n\t\t<div id=\"accordion-1979651094-content\" class=\"accordion-inner\" aria-labelledby=\"accordion-1979651094-label\" >\n\t\t\t\n\n\t<div class=\"ux-menu stack stack-col justify-start ux-menu--divider-solid\">\n\t\t\n\n\t<div class=\"ux-menu-link flex menu-item\">\n\t\t<a class=\"ux-menu-link__link flex\" href=\"https:\/\/erso.ee\/wp-content\/uploads\/2022\/09\/Po\u0303hikiri.pdf\" target=\"_blank\" rel=\"noopener\">\n\t\t\t<i class=\"ux-menu-link__icon text-center icon-angle-right\" ><\/i>\t\t\t<span class=\"ux-menu-link__text\">\n\t\t\t\t2019 aruanne.pdf\t\t\t<\/span>\n\t\t<\/a>\n\t<\/div>\n\t\n\n\n\t<\/div>\n\t\n\n\t\t<\/div>\n\t<\/div>\n\t\n\n<\/div>\n\n\t\t<\/div>\n\t\t\t\t\t<\/div>\n\n\t\n\n\t<div id=\"col-1494649525\" class=\"col medium-6 small-12 large-6\"  >\n\t\t<div class=\"is-sticky-column\"><div class=\"is-sticky-column__inner\">\t\t<div class=\"col-inner\"  >\n\t\t\t\n\t\t\t\n\n\t<div class=\"img has-hover x md-x lg-x y md-y lg-y\" id=\"image_1602204858\">\n\t\t\t\t\t\t\t\t<div class=\"img-inner image-cover dark\" style=\"padding-top:120%;\">\n\t\t\t<img loading=\"lazy\" decoding=\"async\" width=\"2560\" height=\"1707\" src=\"https:\/\/erso.ee\/wp-content\/uploads\/2022\/09\/20220513_Mana-Kaasik_ERSO-hooajalopp-43-scaled.jpg\" class=\"attachment-original size-original\" alt=\"\" srcset=\"https:\/\/erso.ee\/wp-content\/uploads\/2022\/09\/20220513_Mana-Kaasik_ERSO-hooajalopp-43-scaled.jpg 2560w, https:\/\/erso.ee\/wp-content\/uploads\/2022\/09\/20220513_Mana-Kaasik_ERSO-hooajalopp-43-600x400.jpg 600w, https:\/\/erso.ee\/wp-content\/uploads\/2022\/09\/20220513_Mana-Kaasik_ERSO-hooajalopp-43-1600x1067.jpg 1600w, https:\/\/erso.ee\/wp-content\/uploads\/2022\/09\/20220513_Mana-Kaasik_ERSO-hooajalopp-43-150x100.jpg 150w, https:\/\/erso.ee\/wp-content\/uploads\/2022\/09\/20220513_Mana-Kaasik_ERSO-hooajalopp-43-768x512.jpg 768w, https:\/\/erso.ee\/wp-content\/uploads\/2022\/09\/20220513_Mana-Kaasik_ERSO-hooajalopp-43-1536x1024.jpg 1536w, https:\/\/erso.ee\/wp-content\/uploads\/2022\/09\/20220513_Mana-Kaasik_ERSO-hooajalopp-43-2048x1365.jpg 2048w, https:\/\/erso.ee\/wp-content\/uploads\/2022\/09\/20220513_Mana-Kaasik_ERSO-hooajalopp-43-1320x880.jpg 1320w\" sizes=\"auto, (max-width: 2560px) 100vw, 2560px\" \/>\t\t\t\t\t\t\n\t\t\t\t\t<\/div>\n\t\t\t\t\t\t\t\t\n<style>\n#image_1602204858 {\n  width: 100%;\n}\n<\/style>\n\t<\/div>\n\t\n\n\n\t\t<\/div>\n\t\t<\/div><\/div>\t\t\t<\/div>\n\n\t\n\n<\/div>\n\n","protected":false},"excerpt":{"rendered":"","protected":false},"author":2,"featured_media":0,"parent":0,"menu_order":0,"comment_status":"closed","ping_status":"closed","template":"","meta":{"_acf_changed":false,"inline_featured_image":false,"footnotes":""},"class_list":["post-5318","page","type-page","status-publish","hentry"],"acf":[],"_links":{"self":[{"href":"https:\/\/erso.ee\/en\/wp-json\/wp\/v2\/pages\/5318","targetHints":{"allow":["GET"]}}],"collection":[{"href":"https:\/\/erso.ee\/en\/wp-json\/wp\/v2\/pages"}],"about":[{"href":"https:\/\/erso.ee\/en\/wp-json\/wp\/v2\/types\/page"}],"author":[{"embeddable":true,"href":"https:\/\/erso.ee\/en\/wp-json\/wp\/v2\/users\/2"}],"replies":[{"embeddable":true,"href":"https:\/\/erso.ee\/en\/wp-json\/wp\/v2\/comments?post=5318"}],"version-history":[{"count":33,"href":"https:\/\/erso.ee\/en\/wp-json\/wp\/v2\/pages\/5318\/revisions"}],"predecessor-version":[{"id":13202,"href":"https:\/\/erso.ee\/en\/wp-json\/wp\/v2\/pages\/5318\/revisions\/13202"}],"wp:attachment":[{"href":"https:\/\/erso.ee\/en\/wp-json\/wp\/v2\/media?parent=5318"}],"curies":[{"name":"wp","href":"https:\/\/api.w.org\/{rel}","templated":true}]}}