{"id":5309,"date":"2022-05-03T08:33:32","date_gmt":"2022-05-03T06:33:32","guid":{"rendered":"https:\/\/erso.ee\/piletid\/"},"modified":"2025-08-07T12:27:22","modified_gmt":"2025-08-07T10:27:22","slug":"tickets","status":"publish","type":"page","link":"https:\/\/erso.ee\/en\/tickets\/","title":{"rendered":"Tickets"},"content":{"rendered":"\n<h2>Tickets are available:<\/h2>\n<div class=\"row align-equal\"  id=\"row-571142131\">\n\n\n\t<div id=\"col-1567433861\" class=\"col medium-8 small-12 large-8\"  >\n\t\t\t\t<div class=\"col-inner\"  >\n\t\t\t\n\t\t\t\n\n<div class=\"row align-equal align-center\"  id=\"row-1811378920\">\n\n\n\t<div id=\"col-722120253\" class=\"col small-12 large-12\"  >\n\t\t\t\t<div class=\"col-inner\"  >\n\t\t\t\n\t\t\t\n\n<div class=\"row row-small align-middle\"  id=\"row-1762279046\">\n\n\n\t<div id=\"col-923135617\" class=\"col medium-5 small-12 large-5\"  >\n\t\t\t\t<div class=\"col-inner\"  >\n\t\t\t\n\t\t\t\n\n\t<div id=\"text-2147772967\" class=\"text\">\n\t\t\n\n<h3 style=\"padding: 0; margin: 0;\">Piletikeskus<\/h3>\n\t\t\n<style>\n#text-2147772967 {\n  font-size: 0.9rem;\n  line-height: 1.2;\n  text-align: center;\n  color: rgb(255,255,255);\n}\n#text-2147772967 > * {\n  color: rgb(255,255,255);\n}\n<\/style>\n\t<\/div>\n\t\n\n\t\t<\/div>\n\t\t\t\t\t<\/div>\n\n\t\n\n\t<div id=\"col-676690118\" class=\"col medium-7 small-12 large-7\"  >\n\t\t\t\t<div class=\"col-inner\"  >\n\t\t\t\n\t\t\t\n\n\t<div id=\"stack-4072901898\" class=\"stack stack-row justify-center items-stretch\">\n\t\t\n\n<a href=\"https:\/\/piletikeskus.ee\/en\/c\/erso-kontserdisarjad-2025-2026\" target=\"_blank\" class=\"button secondary expand\" rel=\"noopener\">\n\t\t<span>Piletikeskus<\/span>\n\t<\/a>\n\n\n\n\t\t\n<style>\n#stack-4072901898 > * {\n  --stack-gap: 1rem;\n}\n<\/style>\n\t<\/div>\n\t\n\n\t\t<\/div>\n\t\t\t\t\n<style>\n#col-676690118 > .col-inner {\n  padding: 0px 20px 0px 0px;\n}\n<\/style>\n\t<\/div>\n\n\t\n\n<\/div>\n\n\t\t<\/div>\n\t\t\t\t\n<style>\n#col-722120253 > .col-inner {\n  padding: 0px 25px 0px 0px;\n}\n<\/style>\n\t<\/div>\n\n\t\n\n\t<div id=\"col-1344598784\" class=\"col small-12 large-12\"  >\n\t\t\t\t<div class=\"col-inner\"  >\n\t\t\t\n\t\t\t\n\n<div class=\"row row-small align-middle\"  id=\"row-1546578875\">\n\n\n\t<div id=\"col-652107814\" class=\"col medium-5 small-12 large-5\"  >\n\t\t\t\t<div class=\"col-inner\"  >\n\t\t\t\n\t\t\t\n\n\t<div id=\"text-2348726925\" class=\"text\">\n\t\t\n\n<h3 style=\"padding: 0; margin: 0;\">ERSO gift card<\/h3>\n\t\t\n<style>\n#text-2348726925 {\n  font-size: 0.9rem;\n  line-height: 1.2;\n  text-align: center;\n  color: rgb(255,255,255);\n}\n#text-2348726925 > * {\n  color: rgb(255,255,255);\n}\n<\/style>\n\t<\/div>\n\t\n\n\t\t<\/div>\n\t\t\t\t\t<\/div>\n\n\t\n\n\t<div id=\"col-2044011622\" class=\"col medium-7 small-12 large-7\"  >\n\t\t\t\t<div class=\"col-inner\"  >\n\t\t\t\n\t\t\t\n\n\t<div id=\"stack-471573242\" class=\"stack stack-row justify-center items-stretch\">\n\t\t\n\n<a href=\"https:\/\/piletikeskus.ee\/et\/gwjb12\" target=\"_blank\" class=\"button secondary expand\" rel=\"noopener\">\n\t\t<span>Piletikeskus<\/span>\n\t<\/a>\n\n\n\n\t\t\n<style>\n#stack-471573242 > * {\n  --stack-gap: 1rem;\n}\n<\/style>\n\t<\/div>\n\t\n\n\t\t<\/div>\n\t\t\t\t\n<style>\n#col-2044011622 > .col-inner {\n  padding: 0px 20px 0px 0px;\n}\n<\/style>\n\t<\/div>\n\n\t\n\n<\/div>\n\n\t\t<\/div>\n\t\t\t\t\n<style>\n#col-1344598784 > .col-inner {\n  padding: 0px 25px 0px 0px;\n}\n<\/style>\n\t<\/div>\n\n\t\n\n\t<div id=\"col-72670014\" class=\"col medium-6 small-12 large-6\"  >\n\t\t\t\t<div class=\"col-inner\"  >\n\t\t\t\n\t\t\t\n\n\t<div id=\"text-905448358\" class=\"text\">\n\t\t\n\n<h3>Estonia Concert Hall ticket booth<\/h3>\n<p>Estonia pst. 4, Tallinn<br \/>Phone: 6147765 (ticket booth)<br \/>Ticket booth open Mon-Fri 12 \u2013 19,<br \/>Sat and Sun an hour before the concert<\/p>\n\t\t\n<style>\n#text-905448358 {\n  line-height: 1.2;\n  text-align: center;\n  color: rgb(255,255,255);\n}\n#text-905448358 > * {\n  color: rgb(255,255,255);\n}\n<\/style>\n\t<\/div>\n\t\n\n\t\t<\/div>\n\t\t\t\t\t<\/div>\n\n\t\n\n\n<style>\n#row-1811378920 > .col > .col-inner {\n  padding: 25px 10px 0px 10px;\n  background-color: #ac8e68;\n}\n<\/style>\n<\/div>\n\n\t\t<\/div>\n\t\t\t\t\t<\/div>\n\n\t\n\n\t<div id=\"col-525630447\" class=\"col medium-4 small-12 large-4\"  >\n\t\t\t\t<div class=\"col-inner\" style=\"background-color:rgb(255,255,255);\" >\n\t\t\t\n\t\t\t\n\n\t<div class=\"img has-hover x md-x lg-x y md-y lg-y\" id=\"image_1895199900\">\n\t\t<a class=\"image-lightbox lightbox-gallery\" title=\"Saaliplaan\" href=\"https:\/\/erso.ee\/wp-content\/uploads\/2022\/09\/Saaliplaan.png\">\t\t\t\t\t\t<div class=\"img-inner dark\" >\n\t\t\t<img loading=\"lazy\" decoding=\"async\" width=\"600\" height=\"919\" src=\"https:\/\/erso.ee\/wp-content\/uploads\/2022\/09\/Saaliplaan-600x919.png\" class=\"attachment-medium size-medium\" alt=\"ERSO Saaliplaan\" srcset=\"https:\/\/erso.ee\/wp-content\/uploads\/2022\/09\/Saaliplaan-600x919.png 600w, https:\/\/erso.ee\/wp-content\/uploads\/2022\/09\/Saaliplaan-150x230.png 150w, https:\/\/erso.ee\/wp-content\/uploads\/2022\/09\/Saaliplaan-768x1176.png 768w, https:\/\/erso.ee\/wp-content\/uploads\/2022\/09\/Saaliplaan.png 914w\" sizes=\"auto, (max-width: 600px) 100vw, 600px\" \/>\t\t\t\t\t\t\n\t\t\t\t\t\t\t<div class=\"caption\">Saaliplaan<\/div>\n\t\t\t\t\t<\/div>\n\t\t\t\t\t\t<\/a>\t\t\n<style>\n#image_1895199900 {\n  width: 100%;\n}\n<\/style>\n\t<\/div>\n\t\n\n\n\t\t<\/div>\n\t\t\t\t\n<style>\n#col-525630447 > .col-inner {\n  padding: 0px 0px 0px 0px;\n}\n<\/style>\n\t<\/div>\n\n\t\n\n<\/div>\n<div class=\"row\"  id=\"row-394720459\">\n\n\n\t<div id=\"col-104847855\" class=\"col small-12 large-12\"  >\n\t\t\t\t<div class=\"col-inner\"  >\n\t\t\t\n\t\t\t\n\n\t<div id=\"text-1120505079\" class=\"text\">\n\t\t\n\n<p>\u2139\ufe0f ERSO kutsub Ukraina s\u00f5ja p\u00f5genikud tasuta vabalt valitud kontserdile! Tasuta piletid saab v\u00e4lja v\u00f5tta Estonia kontserdisaali kassast isikut t\u00f5endava dokumendi (Ukraina passi v\u00f5i ajutise elamisloa) alusel.<\/p>\n<p>\u2139\ufe0f ERSO \u0437\u0430\u043f\u0440\u043e\u0448\u0443\u0454 \u0443\u043a\u0440\u0430\u0457\u043d\u0441\u044c\u043a\u0438\u0445 \u0432\u043e\u0454\u043d\u043d\u0438\u0445 \u0431\u0456\u0436\u0435\u043d\u0446\u0456\u0432 \u043d\u0430 \u043a\u043e\u043d\u0446\u0435\u0440\u0442 \u0431\u0435\u0437\u043a\u043e\u0448\u0442\u043e\u0432\u043d\u043e \u0437\u0430 \u0432\u0456\u043b\u044c\u043d\u0438\u043c \u0432\u0438\u0431\u043e\u0440\u043e\u043c! \u0411\u0435\u0437\u043a\u043e\u0448\u0442\u043e\u0432\u043d\u0456 \u043a\u0432\u0438\u0442\u043a\u0438 \u043c\u043e\u0436\u043d\u0430 \u043e\u0442\u0440\u0438\u043c\u0430\u0442\u0438 \u0432 \u043a\u0430\u0441\u0456 \u043a\u043e\u043d\u0446\u0435\u0440\u0442\u043d\u043e\u0433\u043e \u0437\u0430\u043b\u0443 \u0415\u0441\u0442\u043e\u043d\u0456\u044f \u043d\u0430 \u043f\u0456\u0434\u0441\u0442\u0430\u0432\u0456 \u0434\u043e\u043a\u0443\u043c\u0435\u043d\u0442\u0430, \u0449\u043e \u043f\u043e\u0441\u0432\u0456\u0434\u0447\u0443\u0454 \u043e\u0441\u043e\u0431\u0443 (\u043f\u0430\u0441\u043f\u043e\u0440\u0442 \u0433\u0440\u043e\u043c\u0430\u0434\u044f\u043d\u0438\u043d\u0430 \u0423\u043a\u0440\u0430\u0457\u043d\u0438 \u0430\u0431\u043e \u043f\u043e\u0441\u0432\u0456\u0434\u043a\u0430 \u043d\u0430 \u0442\u0438\u043c\u0447\u0430\u0441\u043e\u0432\u0435 \u043f\u0440\u043e\u0436\u0438\u0432\u0430\u043d\u043d\u044f).<\/p>\n\t\t\n<style>\n#text-1120505079 {\n  font-size: 1rem;\n  color: #d26e4b;\n}\n#text-1120505079 > * {\n  color: #d26e4b;\n}\n<\/style>\n\t<\/div>\n\t\n\n\t\t<\/div>\n\t\t\t\t\t<\/div>\n\n\t\n\n<\/div>\n<div class=\"row\"  id=\"row-230378029\">\n\n\n\t<div id=\"col-1218073726\" class=\"col small-12 large-12\"  >\n\t\t\t\t<div class=\"col-inner\"  >\n\t\t\t\n\t\t\t\n\n<span class=\"scroll-to\" data-label=\"Scroll to: #kontserdid-lastele\" data-bullet=\"false\" data-link=\"#kontserdid-lastele\" data-title=\"kontserdid-lastele\" ><a name=\"kontserdid-lastele\"><\/a><\/span>\n\n<h2>KONTSERDID LASTELE JA NOORTELE<\/h2>\n<p>Eesti esindusorkester ootab Estonia kontserdisaali 1.-12. klasside \u00f5pilasi, et \u00fchiselt avastada ja nautida kaunist muusikat. Valikus on nii haridushommikud, \u00fchetunnised p\u00e4evased kontserdid kui ka t\u00e4ispikad \u00f5htused kontserdid.<\/p>\n<p><strong>Haridushommikud gruppidele (kestus <em>ca<\/em>\u00a01 tund):<br \/><\/strong>Mis on s\u00fcmfooniaorkester ja milliseid pille seal m\u00e4ngitakse? Milline n\u00e4eb v\u00e4lja \u00fche orkestrandi t\u00f6\u00f6p\u00e4ev? Kuidas m\u00e4ngitakse viiulit v\u00f5i puhutakse fl\u00f6\u00f6ti? Nendele ja paljudele teistele k\u00fcsimustele saavad lapsed ja noored vastused ERSO haridushommikult. Tutvume koos Estonia kontserdisaaliga, r\u00e4\u00e4gime t\u00f6\u00f6st ERSOs, kohtume m\u00f5ne orkestrandiga ja kuulame ERSO proovi. Haridushommikutele on oodatud grupid alates lasteaialastest kuni g\u00fcmnasistideni, osaliste vanusele vastavalt kohandame ka kohtumise sisu. Grupi suurus kuni 40 inimest. Haridushommikul osalemiseks palume v\u00f5tta \u00fchendust <a href=\"mailto:piletid@erso.ee\">piletid@erso.ee<\/a> v\u00f5i 6 147 788.<\/p>\n<p><strong>\u00d5htustele kontsertidele<\/strong>\u00a0v\u00e4hemalt 10-liikmeliste gruppide eripakkumised:<br \/>piletid \u00f5pilastele\u00a0<strong>16,00 \u20ac<\/strong> (\u00fcksikm\u00fc\u00fcgis 22 \u20ac)<br \/>piletid lapsevanematele\u00a0<strong>23,00 \u20ac<\/strong> (\u00fcksikm\u00fc\u00fcgis 30 \u20ac)<strong><br \/>Iga 10 pileti kohta \u00f5petajale tasuta p\u00e4\u00e4se.<\/strong><\/p>\n<p><strong>Info ja grupitellimused:<\/strong><br \/>Signe Vaiknemets<br \/>e-post: <a href=\"mailto:piletid@erso.ee\">piletid@erso.ee<\/a><br \/>telefon: 6 147 788<\/p>\n\n\t\t<\/div>\n\t\t\t\t\t<\/div>\n\n\t\n\n\n<style>\n#row-230378029 > .col > .col-inner {\n  padding: 25px 25px 25px 25px;\n  background-color: rgb(255,255,255);\n}\n<\/style>\n<\/div>\n<h2>P\u00e4evased kontserdid hooajal 2023\/24:<\/h2>\n\t<div class=\"row large-columns-3 medium-columns-1 small-columns-1 row-kontserdid\">\n\t   \t\t\n\t\n\t\t<div class=\"col post-item\">\n\t\n\n\t\t\t\t<div class=\"col-inner\">\n\t\t\t\t\t<div class=\"box box-normal box-text-bottom box-blog-post has-hover\">\n\t\t\t\t\t\t\t\t\t\t\t\t<div class=\"image-cover\" style=\"padding-top:56.25%;\">\n\t\t\t\t\t\t\t<a href=\"https:\/\/erso.ee\/en\/concerts\/symphonic-lunch-viii-season-finale-concert-hungarian-dances\/\">\n\t\t\t\t\t\t\t<img decoding=\"async\" src=\"https:\/\/erso.ee\/wp-content\/uploads\/2025\/05\/2026.05.14_Olari-Elts_autor-Kaupo-Kikkas-600x450.jpg\"\/>\"\t\t\t\t\t\t\t<\/a>\n\t\t\t\t\t\t\t<div class=\"saririba\"><a href=\"https:\/\/erso.ee\/en\/series\/symphonic-lunches\/\">Symphonic lunches<\/a><\/div>\t\t\t\t\t\t\t\n\t\t\t\t\t\t<\/div>\n\t\t\t\t\t\t<div class=\"box-text text-left\">\n\t\t\t\t\t\t\t<a class=\"cpt_post_link\" href=\"https:\/\/erso.ee\/en\/concerts\/symphonic-lunch-viii-season-finale-concert-hungarian-dances\/\">Symphonic Lunch VIII: Season Finale Concert. Hungarian Dances<\/a>\n\t\t\t\t\t\t\t<div class=\"row attribute row-collapse\">\n\t\t\t\t\t\t\t\t<div class=\"col small-1 medium-1 large-1 icon date\"><\/div>\n\t\t\t\t\t\t\t\t<div class=\"col small-11 medium-11 large-11 dates\">\n\t\t\t\t\t\t\t\t\n\t\t\t\t\t\t\t\t\t\n\t\t\t\t\t\t\t\t\t\t\t\t\t\t\t\t\t\t\n\t\t\t\t\t\t\t\t\t\n\t\t\t\t\t\t\t\t\t\n\t\t\t\t\t\t\t\t\t<ul id=\"has_less_dates\" class=\"dates_list has_less_dates\">\n\t\t\t\t\t\t\t\t\t\t\t\t\t\t\t\t\t\t\t\t\t\t\t\t\t\t\t\t\n\t\t\t\t\t\t\t\t\t\t\t\t\t\t\t\t\t\t\t\t\n\t\t\t\t\t\t\t\t\t\t<li>\t\t\t\t\t\t\t\t\t\t\t\t\t\t\t\t\t\t\t\t\t\t\t\t\t\t\t\t\t\t<b>14.05.26 at 13:00<\/b> - Estonia Concert Hall\t\t\t\t\t\t\t\t\t\t<\/li>\n\t\t\t\t\t\t\t\t\t\t\t\t\t\t\t\t\t\t\t\t\t\t\t\t\t\t\t<\/ul>\n\t\t\t\t\t\t\t\t\t\n\t\t\t\t\t\t\t\t\t\t\t\t\t\t\t\t\t\t\n\t\t\t\t\t\t\t\t\n\t\t\t\t\t\t\t\t\t\n\t\t\t\t\t\t\t\t\t\n\t\t\n\t\t\t\t\t\t\t\t<\/div>\n\t\t\t\t\t\t\t<\/div>\n\t\t\t\t\t\t\t\t\t\t\t\t\t\t<div class=\"row attribute row-collapse\">\n\t\t\t\t\t\t\t\t<div class=\"col small-1 medium-1 large-1 icon author\"><\/div>\n\t\t\t\t\t\t\t\t<div class=\"col small-11 medium-11 large-11\">Johannes Brahms, Zolt\u00e1n Kod\u00e1ly<\/div>\n\t\t\t\t\t\t\t<\/div>\n\t\t\t\t\t\t\t\n\t\t\t\t\t\t\t\t\t\t\t\t\t\t<div class=\"row attribute row-collapse\">\n\t\t\t\t\t\t\t\t<div class=\"col small-1 medium-1 large-1 icon artist\"><\/div>\n\t\t\t\t\t\t\t\t<div class=\"col small-11 medium-11 large-11\">ERSO, conductor OLARI ELTS <\/div>\n\t\t\t\t\t\t\t<\/div>\n\t\t\t\t\t\t\t\t\n\t\t\t\t\t\t<\/div>\n\t\t\t\t\t<\/div>\n\t\t\t<div class=\"row links row-collapse\">\n\t\t\t\t<div class=\"col small-6 medium-6 large-6\">\n\t\t\t\t\t<a class=\"read_more\" href=\"https:\/\/erso.ee\/en\/concerts\/symphonic-lunch-viii-season-finale-concert-hungarian-dances\/\">Read more<\/a>\n\t\t\t\t<\/div>\n\t\t\t\t\n\t\t\t\t\t\t\t\t\t\t\t\t\t\t\t\t\t\t\t\t\t\t\t\t\t\t\t\t\t\t\t\t<div class=\"col small-6 medium-6 large-6 text-right\">\n\t\t\t\t\t\t\t<div class=\"ticket_link\">\n\t\t\t\t\t\t\t<span>Buy ticket<\/span>\n\t\t\t\t\t\t\t<div class=\"tickets_bar\">\n\t\t\t\t\t\t\t\n\t\t\t\t\t\t\t\t\t\t\t\t\t\t\t\n\t\t\t\t\t\t\t\t\t\t\t\t\t\t<a target=\"_blank\" href=\"https:\/\/piletikeskus.ee\/et\/e\/325wd5\" rel=\"noopener\">Piletikeskus<\/a>\n\t\t\t\t\t\t\t\t\t\t\t\t\t\t\t\n\t\t\t\t\t\t\t\t\t\t\t\t\t\t\t\t\t\t\t\t\t\t\t\t\t\t\t\t\n\t\t\t\t\t\t\t<\/div>\n\t\t\t\t\t\t\t<\/div>\n\t\t\t\t\t\t<\/div>\n\t\t\t\t\t\t\n\t\t\t\t\t\t\t\t\t\t\t\t\t<\/div>\n\t\t\t\t<\/div>\n\t\t\t<\/div>\t\t\t\t\n\t\n\t\t<div class=\"col post-item\">\n\t\n\n\t\t\t\t<div class=\"col-inner\">\n\t\t\t\t\t<div class=\"box box-normal box-text-bottom box-blog-post has-hover\">\n\t\t\t\t\t\t\t\t\t\t\t\t<div class=\"image-cover\" style=\"padding-top:56.25%;\">\n\t\t\t\t\t\t\t<a href=\"https:\/\/erso.ee\/en\/concerts\/symphonic-lunch-vii-alessandrini-and-bach\/\">\n\t\t\t\t\t\t\t<img decoding=\"async\" src=\"https:\/\/erso.ee\/wp-content\/uploads\/2025\/05\/2026.04.23_Rinaldo-Alessandrini_autor-Emilie-Moysson-600x402.jpg\"\/>\"\t\t\t\t\t\t\t<\/a>\n\t\t\t\t\t\t\t<div class=\"saririba\"><a href=\"https:\/\/erso.ee\/en\/series\/symphonic-lunches\/\">Symphonic lunches<\/a><\/div>\t\t\t\t\t\t\t\n\t\t\t\t\t\t<\/div>\n\t\t\t\t\t\t<div class=\"box-text text-left\">\n\t\t\t\t\t\t\t<a class=\"cpt_post_link\" href=\"https:\/\/erso.ee\/en\/concerts\/symphonic-lunch-vii-alessandrini-and-bach\/\">Symphonic Lunch VII: Alessandrini and Bach<\/a>\n\t\t\t\t\t\t\t<div class=\"row attribute row-collapse\">\n\t\t\t\t\t\t\t\t<div class=\"col small-1 medium-1 large-1 icon date\"><\/div>\n\t\t\t\t\t\t\t\t<div class=\"col small-11 medium-11 large-11 dates\">\n\t\t\t\t\t\t\t\t\n\t\t\t\t\t\t\t\t\t\n\t\t\t\t\t\t\t\t\t\t\t\t\t\t\t\t\t\t\n\t\t\t\t\t\t\t\t\t\n\t\t\t\t\t\t\t\t\t\n\t\t\t\t\t\t\t\t\t<ul id=\"has_less_dates\" class=\"dates_list has_less_dates\">\n\t\t\t\t\t\t\t\t\t\t\t\t\t\t\t\t\t\t\t\t\t\t\t\t\t\t\t\t\n\t\t\t\t\t\t\t\t\t\t\t\t\t\t\t\t\t\t\t\t\n\t\t\t\t\t\t\t\t\t\t<li>\t\t\t\t\t\t\t\t\t\t\t\t\t\t\t\t\t\t\t\t\t\t\t\t\t\t\t\t\t\t<b>23.04.26 at 13:00<\/b> - Estonia Concert Hall\t\t\t\t\t\t\t\t\t\t<\/li>\n\t\t\t\t\t\t\t\t\t\t\t\t\t\t\t\t\t\t\t\t\t\t\t\t\t\t\t<\/ul>\n\t\t\t\t\t\t\t\t\t\n\t\t\t\t\t\t\t\t\t\t\t\t\t\t\t\t\t\t\n\t\t\t\t\t\t\t\t\n\t\t\t\t\t\t\t\t\t\n\t\t\t\t\t\t\t\t\t\n\t\t\n\t\t\t\t\t\t\t\t<\/div>\n\t\t\t\t\t\t\t<\/div>\n\t\t\t\t\t\t\t\t\t\t\t\t\t\t<div class=\"row attribute row-collapse\">\n\t\t\t\t\t\t\t\t<div class=\"col small-1 medium-1 large-1 icon author\"><\/div>\n\t\t\t\t\t\t\t\t<div class=\"col small-11 medium-11 large-11\">Johann Sebastian Bach<\/div>\n\t\t\t\t\t\t\t<\/div>\n\t\t\t\t\t\t\t\n\t\t\t\t\t\t\t\t\t\t\t\t\t\t<div class=\"row attribute row-collapse\">\n\t\t\t\t\t\t\t\t<div class=\"col small-1 medium-1 large-1 icon artist\"><\/div>\n\t\t\t\t\t\t\t\t<div class=\"col small-11 medium-11 large-11\">ERSO, conductor RINALDO ALESSANDRINI <\/div>\n\t\t\t\t\t\t\t<\/div>\n\t\t\t\t\t\t\t\t\n\t\t\t\t\t\t<\/div>\n\t\t\t\t\t<\/div>\n\t\t\t<div class=\"row links row-collapse\">\n\t\t\t\t<div class=\"col small-6 medium-6 large-6\">\n\t\t\t\t\t<a class=\"read_more\" href=\"https:\/\/erso.ee\/en\/concerts\/symphonic-lunch-vii-alessandrini-and-bach\/\">Read more<\/a>\n\t\t\t\t<\/div>\n\t\t\t\t\n\t\t\t\t\t\t\t\t\t\t\t\t\t\t\t\t\t\t\t\t\t\t\t\t\t\t\t\t\t\t\t\t<div class=\"col small-6 medium-6 large-6 text-right\">\n\t\t\t\t\t\t\t<div class=\"ticket_link\">\n\t\t\t\t\t\t\t<span>Buy ticket<\/span>\n\t\t\t\t\t\t\t<div class=\"tickets_bar\">\n\t\t\t\t\t\t\t\n\t\t\t\t\t\t\t\t\t\t\t\t\t\t\t\n\t\t\t\t\t\t\t\t\t\t\t\t\t\t<a target=\"_blank\" href=\"https:\/\/piletikeskus.ee\/et\/e\/u24sx1\" rel=\"noopener\">Piletikeskus<\/a>\n\t\t\t\t\t\t\t\t\t\t\t\t\t\t\t\n\t\t\t\t\t\t\t\t\t\t\t\t\t\t\t\t\t\t\t\t\t\t\t\t\t\t\t\t\n\t\t\t\t\t\t\t<\/div>\n\t\t\t\t\t\t\t<\/div>\n\t\t\t\t\t\t<\/div>\n\t\t\t\t\t\t\n\t\t\t\t\t\t\t\t\t\t\t\t\t<\/div>\n\t\t\t\t<\/div>\n\t\t\t<\/div>\t\t\n<\/div>\n\n<div class=\"row\"  id=\"row-221253105\">\n\n\n\t<div id=\"col-1076343850\" class=\"col small-12 large-12\"  >\n\t\t\t\t<div class=\"col-inner\"  >\n\t\t\t\n\t\t\t\n\n<hr>\n<p><strong>Mida on ERSO kontsertide ja proovide k\u00fclastamisest arvanud koolilapsed ise:<\/strong><\/p>\n<p><em>Muusikat kuulates meenusid mulle ilusad asjad.<\/em>&nbsp;(Anna, II klass)<\/p>\n<p><em>Tavaliselt ma ei pea v\u00e4ga sellisest muusikast lugu, kuid see mulle meeldis. Eriti meeldis mulle vaadata, kuidas terve orkester arvestas teineteisega, kuulati teisi ja j\u00e4lgiti dirigenti.<\/em>&nbsp;(Patrick, VII klass)<\/p>\n<p><em>Kui maailmakuulus dirigent on sinust 5 meetri kaugusel ja vaatab sulle otsa, siis on uhke tunne k\u00fcll! Vapustav oli ka orkester, inimesed pingutasid k\u00f5vasti ja k\u00f5igil olid n\u00e4rvid viimase \u00e4\u00e4reni viidud. Tahaksin kunagi kindlasti veel ERSO-t kuulama minna.<\/em>&nbsp;(Karolina, IX klass)<\/p>\n<p><em>Olen v\u00e4ga t\u00e4nulik, et \u00f5petaja meid kontserdisaali viis.<\/em>&nbsp;(Annabell, IX klass)<\/p>\n<p><em>Ilus kontsert. Tore muusika. Huvitav ja r\u00f5\u00f5mus, v\u00f5rratu muusika. L\u00f5bus r\u00fctm.<\/em>&nbsp;(S\u00e4de, I klass)<\/p>\n<p><em>Ma sain teada, kuidas tekivad orkestrid ja mida teevad dirigendid. Samuti sain teada, et dirigent peab oskama pilli m\u00e4ngida ja et klaveri m\u00e4ngimine on kohustuslik, kui sa tahad dirigendiks saada.<\/em>&nbsp;(Riho Marten, VII klass)<\/p>\n<p><em>Mulle meeldisid k\u00f5ik muusikud, aga k\u00f5ige rohkem meeldis mulle&nbsp;<\/em>Adagio<em>. See oli imeline!!!<\/em>&nbsp;(Marie, II klass)<\/p>\n<p><em>Orkestriproovi oli v\u00e4ga huvitav j\u00e4lgida, k\u00f5ikide pillim\u00e4ngijate suud olid naerul ja nad nautisid seda, mida nad tegid. K\u00f5ige t\u00e4htsam on ikka hea tuju, kui sa teed midagi, mis sulle&nbsp; meeldib.&nbsp;Tahaksin kindlasti veel m\u00f5nes sellises projektis osaleda ning soovitan ka teistel seda teha.<\/em>&nbsp;(Hanna-Marie, IX klass)<\/p>\n<div class=\"row align-middle\"  id=\"row-1547175269\">\n\n\n\t<div id=\"col-1996222337\" class=\"col medium-6 small-12 large-6\"  >\n\t\t\t\t<div class=\"col-inner\"  >\n\t\t\t\n\t\t\t\n\n<p><strong><a href=\"https:\/\/vikerraadio.err.ee\/1124226\/laste-ooulikool-dirigent-olari-elts-beethoven-ja-vabadus\" target=\"_blank\" rel=\"noopener noreferrer\">KUULA \u201cLASTE \u00d6\u00d6\u00dcLIKOOLI\u201d<\/a><\/strong>, kus k\u00e4is lastele muusikast, vabadusest ja Beethoveni revolutsioonilistest ideedest r\u00e4\u00e4kimas ERSO peadirigent Olari Elts. \u201cKui meil Tallinnas on Vabaduse v\u00e4ljak ja meil on vabaduse ausammas Vabaduse v\u00e4ljakul, siis Beethoven ja enamus tema muusikast on nagu vabaduse ausammas muusikas,\u201d r\u00e4\u00e4gib Olari Elts. Saate helire\u017eiss\u00f6\u00f6rid on K\u00fclli T\u00fcli ja Andres Olema, toimetaja Lisete Velt.<\/p>\n\n\t\t<\/div>\n\t\t\t\t\t<\/div>\n\n\t\n\n\t<div id=\"col-1053667823\" class=\"col medium-6 small-12 large-6\"  >\n\t\t\t\t<div class=\"col-inner\"  >\n\t\t\t\n\t\t\t\n\n\t<div class=\"img has-hover x md-x lg-x y md-y lg-y\" id=\"image_2039517315\">\n\t\t<a class=\"image-lightbox lightbox-gallery\" title=\"Olari Elts \u201c\u00d6\u00f6\u00fclikooli\u201d salvestusel Eesti Raadios, august 2020.\" href=\"https:\/\/erso.ee\/wp-content\/uploads\/2022\/09\/Erso-lastele.jpg\">\t\t\t\t\t\t<div class=\"img-inner dark\" >\n\t\t\t<img loading=\"lazy\" decoding=\"async\" width=\"1020\" height=\"574\" src=\"https:\/\/erso.ee\/wp-content\/uploads\/2022\/09\/Erso-lastele.jpg\" class=\"attachment-large size-large\" alt=\"Olari Elts \u201c\u00d6\u00f6\u00fclikooli\u201d salvestusel Eesti Raadios, august 2020.\" srcset=\"https:\/\/erso.ee\/wp-content\/uploads\/2022\/09\/Erso-lastele.jpg 1234w, https:\/\/erso.ee\/wp-content\/uploads\/2022\/09\/Erso-lastele-600x337.jpg 600w, https:\/\/erso.ee\/wp-content\/uploads\/2022\/09\/Erso-lastele-150x84.jpg 150w, https:\/\/erso.ee\/wp-content\/uploads\/2022\/09\/Erso-lastele-768x432.jpg 768w\" sizes=\"auto, (max-width: 1020px) 100vw, 1020px\" \/>\t\t\t\t\t\t\n\t\t\t\t\t\t\t<div class=\"caption\">Olari Elts \u201c\u00d6\u00f6\u00fclikooli\u201d salvestusel Eesti Raadios, august 2020.<\/div>\n\t\t\t\t\t<\/div>\n\t\t\t\t\t\t<\/a>\t\t\n<style>\n#image_2039517315 {\n  width: 100%;\n}\n<\/style>\n\t<\/div>\n\t\n\n\n\t\t<\/div>\n\t\t\t\t\t<\/div>\n\n\t\n\n<\/div>\n\n\t\t<\/div>\n\t\t\t\t\t<\/div>\n\n\t\n\n<\/div>\n\n","protected":false},"excerpt":{"rendered":"","protected":false},"author":2,"featured_media":0,"parent":0,"menu_order":0,"comment_status":"closed","ping_status":"closed","template":"","meta":{"_acf_changed":false,"inline_featured_image":false,"footnotes":""},"class_list":["post-5309","page","type-page","status-publish","hentry"],"acf":[],"_links":{"self":[{"href":"https:\/\/erso.ee\/en\/wp-json\/wp\/v2\/pages\/5309","targetHints":{"allow":["GET"]}}],"collection":[{"href":"https:\/\/erso.ee\/en\/wp-json\/wp\/v2\/pages"}],"about":[{"href":"https:\/\/erso.ee\/en\/wp-json\/wp\/v2\/types\/page"}],"author":[{"embeddable":true,"href":"https:\/\/erso.ee\/en\/wp-json\/wp\/v2\/users\/2"}],"replies":[{"embeddable":true,"href":"https:\/\/erso.ee\/en\/wp-json\/wp\/v2\/comments?post=5309"}],"version-history":[{"count":22,"href":"https:\/\/erso.ee\/en\/wp-json\/wp\/v2\/pages\/5309\/revisions"}],"predecessor-version":[{"id":12280,"href":"https:\/\/erso.ee\/en\/wp-json\/wp\/v2\/pages\/5309\/revisions\/12280"}],"wp:attachment":[{"href":"https:\/\/erso.ee\/en\/wp-json\/wp\/v2\/media?parent=5309"}],"curies":[{"name":"wp","href":"https:\/\/api.w.org\/{rel}","templated":true}]}}