{"id":10702,"date":"2025-03-11T16:55:13","date_gmt":"2025-03-11T14:55:13","guid":{"rendered":"https:\/\/erso.ee\/?page_id=10702"},"modified":"2025-03-14T12:22:47","modified_gmt":"2025-03-14T10:22:47","slug":"good-to-know","status":"publish","type":"page","link":"https:\/\/erso.ee\/en\/good-to-know\/","title":{"rendered":"Good to Know"},"content":{"rendered":"\n\n  <div class=\"banner has-hover bg-zoom\" id=\"banner-1067502170\">\n          <div class=\"banner-inner fill\">\n        <div class=\"banner-bg fill\" >\n            <img loading=\"lazy\" decoding=\"async\" width=\"1000\" height=\"473\" src=\"https:\/\/erso.ee\/wp-content\/uploads\/2025\/03\/GLaak_24Aug17Nr0013-saal-Pano-1000x473-1.jpg\" class=\"bg attachment-large size-large\" alt=\"\" \/>                        <div class=\"overlay\"><\/div>            \n                    <\/div>\n\t\t\n        <div class=\"banner-layers container\">\n            <div class=\"fill banner-link\"><\/div>            \n\n   <div id=\"text-box-988914759\" class=\"text-box banner-layer x95 md-x95 lg-x95 y50 md-y50 lg-y50 res-text\">\n                                <div class=\"text-box-content text box-shadow-3\">\n              \n              <div class=\"text-inner text-right\">\n                  \n\n\t<div id=\"text-1748049607\" class=\"text\">\n\t\t\n\n<h2 class=\"uppercase\"><strong>ESTONIA KONTSERDISAAL<\/strong><\/h2>\n<h3>ERSO kodu<\/h3>\n<p>Selles Tallinna s\u00fcdalinnas asuvas neoklassitsistlikus hoones (arhitektid Armas Lindgren ja Wivi L\u00f6nn, 1913; rekonstrueeritud 1947) toimuvad Eesti vabariigi k\u00f5ige pidulikumad esindus\u00fcritused<\/p>\n\t\t\n<style>\n#text-1748049607 {\n  font-size: 0.75rem;\n  text-align: right;\n}\n<\/style>\n\t<\/div>\n\t\n<a href=\"https:\/\/maps.app.goo.gl\/KD3evxqBSsxA5AW86\" target=\"_blank\" class=\"button primary\" rel=\"noopener\">\n\t\t<span>Kaart<\/span>\n\t<\/a>\n\n\n\n              <\/div>\n           <\/div>\n                            \n<style>\n#text-box-988914759 .text-box-content {\n  background-color: rgba(255, 255, 255, 0.86);\n  font-size: 100%;\n}\n#text-box-988914759 .text-inner {\n  padding: 30px 30px 30px 30px;\n}\n#text-box-988914759 {\n  width: 60%;\n}\n@media (min-width:550px) {\n  #text-box-988914759 {\n    width: 40%;\n  }\n}\n<\/style>\n    <\/div>\n \n\n        <\/div>\n      <\/div>\n\n            \n<style>\n#banner-1067502170 {\n  padding-top: 500px;\n}\n#banner-1067502170 .overlay {\n  background-color: rgba(0, 0, 0, 0.2);\n}\n<\/style>\n  <\/div>\n\n\n\t<div id=\"gap-1443629501\" class=\"gap-element clearfix\" style=\"display:block; height:auto;\">\n\t\t\n<style>\n#gap-1443629501 {\n  padding-top: 30px;\n}\n<\/style>\n\t<\/div>\n\t\n\n<h2 class=\"uppercase\">HEA TEADA<\/h2>\n<div class=\"accordion\">\n\n\t<div id=\"accordion-131923707\" class=\"accordion-item\">\n\t\t<a id=\"accordion-131923707-label\" class=\"accordion-title plain\" href=\"#accordion-item-ligip\u00e4\u00e4setavus\" aria-expanded=\"false\" aria-controls=\"accordion-131923707-content\" >\n\t\t\t<button class=\"toggle\" aria-label=\"Toggle\"><i class=\"icon-angle-down\"><\/i><\/button>\n\t\t\t<span>Ligip\u00e4\u00e4setavus<\/span>\n\t\t<\/a>\n\t\t<div id=\"accordion-131923707-content\" class=\"accordion-inner\" aria-labelledby=\"accordion-131923707-label\" >\n\t\t\t\n\n<p>Liikumispuudega inimestel on v\u00f5imalik auto parkida mugavalt teatrimaja k\u00f5rvale G. Otsa t\u00e4nava poole, kus on otse maja k\u00f5rval kaks parkimiskohta. Estonia kontserdisaali kassa juurde viib kaldtee.<\/p>\n<p>Vaegn\u00e4gijatele ja pimedatele on abiks kombitavad abivahendid, n\u00e4iteks punktkirjas liftisildid. Liftid on varustatud ka h\u00e4\u00e4lteavitusega.<\/p>\n<p>Estonia kontserdisaali p\u00e4\u00e4seb ratastooliga Rahvusooper Estonia Valge saali kaudu.<\/p>\n<p>Palume oma tulekust ette teatada telefonil:<\/p>\n<a href=\"tel:+3726147771\" class=\"button secondary\"  >\n\t\t<span>Telefon: (+372) 614 7771<\/span>\n\t<\/a>\n\n\n\n\t\t<\/div>\n\t<\/div>\n\t\n\t<div id=\"accordion-3998324323\" class=\"accordion-item\">\n\t\t<a id=\"accordion-3998324323-label\" class=\"accordion-title plain\" href=\"#accordion-item-parkimine\" aria-expanded=\"false\" aria-controls=\"accordion-3998324323-content\" >\n\t\t\t<button class=\"toggle\" aria-label=\"Toggle\"><i class=\"icon-angle-down\"><\/i><\/button>\n\t\t\t<span>Parkimine<\/span>\n\t\t<\/a>\n\t\t<div id=\"accordion-3998324323-content\" class=\"accordion-inner\" aria-labelledby=\"accordion-3998324323-label\" >\n\t\t\t\n\n<p>Estonia kontserdisaalil puudub k\u00fclastajate parkla. L\u00e4himad parklad asuvad Viru keskuses ja Solarise keskuses. Tallinna s\u00fcdalinnas on \u00f6\u00f6p\u00e4evaringne tasuline parkimine.&nbsp;<\/p>\n<p>Piletiostjatele on Tammsaare pargi poolse parkla juures etten\u00e4htud kaks parkimiskohta, kus v\u00f5ib parkimiskellaga peatuda 15 minutit. <span dir=\"auto\">L\u00e4him jalgrattaparkla asub Solaris keskuse ees.<\/span><\/p>\n<p>Lisainfot parkimise kohta Tallinna t\u00e4navatel vt:<\/p>\n<a href=\"https:\/\/www.tallinn.ee\/et\/parkimine\" class=\"button secondary\" style=\"border-radius:99px;\" target=\"_blank\" rel=\"noopener\">\n\t\t<span>www.tallinn.ee\/parkimine<\/span>\n\t<\/a>\n\n\n\n\t\t<\/div>\n\t<\/div>\n\t\n\t<div id=\"accordion-1536341689\" class=\"accordion-item\">\n\t\t<a id=\"accordion-1536341689-label\" class=\"accordion-title plain\" href=\"#accordion-item-public-transport\" aria-expanded=\"false\" aria-controls=\"accordion-1536341689-content\" >\n\t\t\t<button class=\"toggle\" aria-label=\"Toggle\"><i class=\"icon-angle-down\"><\/i><\/button>\n\t\t\t<span>Public Transport<\/span>\n\t\t<\/a>\n\t\t<div id=\"accordion-1536341689-content\" class=\"accordion-inner\" aria-labelledby=\"accordion-1536341689-label\" >\n\t\t\t\n\n<p>ERSO kontsertidele soovitame tulla \u00fchistranspordiga. Bussi- ja trammipeatused asuvad Estonia kontserdisaali ees (peatuse nimi Estonia) ja taga (Peatuse nimi Viru).<\/p>\n\n\t\t<\/div>\n\t<\/div>\n\t\n\t<div id=\"accordion-856424684\" class=\"accordion-item\">\n\t\t<a id=\"accordion-856424684-label\" class=\"accordion-title plain\" href=\"#accordion-item-interval\" aria-expanded=\"false\" aria-controls=\"accordion-856424684-content\" >\n\t\t\t<button class=\"toggle\" aria-label=\"Toggle\"><i class=\"icon-angle-down\"><\/i><\/button>\n\t\t\t<span>Interval<\/span>\n\t\t<\/a>\n\t\t<div id=\"accordion-856424684-content\" class=\"accordion-inner\" aria-labelledby=\"accordion-856424684-label\" >\n\t\t\t\n\n<p>ERSO kontsertidel on tavaliselt \u00fcks umbes 20-minutiline vaheaeg.<\/p>\n<p><strong>Vaheajatellimus<\/strong><br \/>ERSO kontsertidele on v\u00f5imalik vaheajatellimusi esitada hiljemalt 24 tundi enne kontserdi algust. Esitage oma tellimus siin:&nbsp;<\/p>\n<a href=\"https:\/\/opera.ee\/et\/lavastus\/erso\/\" class=\"button secondary\" style=\"border-radius:99px;\" target=\"_blank\" rel=\"noopener\">\n\t\t<span>opera.ee\/et\/lavastus\/erso\/<\/span>\n\t<\/a>\n\n\n\n\t\t<\/div>\n\t<\/div>\n\t\n\t<div id=\"accordion-3970690732\" class=\"accordion-item\">\n\t\t<a id=\"accordion-3970690732-label\" class=\"accordion-title plain\" href=\"#accordion-item-food-and-drink\" aria-expanded=\"false\" aria-controls=\"accordion-3970690732-content\" >\n\t\t\t<button class=\"toggle\" aria-label=\"Toggle\"><i class=\"icon-angle-down\"><\/i><\/button>\n\t\t\t<span>Food and Drink<\/span>\n\t\t<\/a>\n\t\t<div id=\"accordion-3970690732-content\" class=\"accordion-inner\" aria-labelledby=\"accordion-3970690732-label\" >\n\t\t\t\n\n<h3>In the Estonia Concert Hall<\/h3>\n<p>The Estonia concert hall has two bars open during the concert on either side of the hall and a cafe downstairs. All of these venues are open 1 hour before the concert, and during interval. They are closed at the conclusion of the concert.<\/p>\n<h3>Around the Estonia Concert Hall<\/h3>\n<p>There are many excellent cafes and restaurants around the historic Estonia Concert Hall. most are in walking distance. We suggest google maps to discover places to eat before and after your concert.<\/p>\n\n\t\t<\/div>\n\t<\/div>\n\t\n\t<div id=\"accordion-299045234\" class=\"accordion-item\">\n\t\t<a id=\"accordion-299045234-label\" class=\"accordion-title plain\" href=\"#accordion-item-clothing\" aria-expanded=\"false\" aria-controls=\"accordion-299045234-content\" >\n\t\t\t<button class=\"toggle\" aria-label=\"Toggle\"><i class=\"icon-angle-down\"><\/i><\/button>\n\t\t\t<span>Clothing<\/span>\n\t\t<\/a>\n\t\t<div id=\"accordion-299045234-content\" class=\"accordion-inner\" aria-labelledby=\"accordion-299045234-label\" >\n\t\t\t\n\n<p>We suggest you dress semi-formal to the concert. There is no need to wear a suit if you do not wish to.<\/p>\n\n\t\t<\/div>\n\t<\/div>\n\t\n\t<div id=\"accordion-1609629762\" class=\"accordion-item\">\n\t\t<a id=\"accordion-1609629762-label\" class=\"accordion-title plain\" href=\"#accordion-item-concert-programs\" aria-expanded=\"false\" aria-controls=\"accordion-1609629762-content\" >\n\t\t\t<button class=\"toggle\" aria-label=\"Toggle\"><i class=\"icon-angle-down\"><\/i><\/button>\n\t\t\t<span>Concert Programs<\/span>\n\t\t<\/a>\n\t\t<div id=\"accordion-1609629762-content\" class=\"accordion-inner\" aria-labelledby=\"accordion-1609629762-label\" >\n\t\t\t\n\n<p>Concert programs are available at the concert for purchase at \u20ac3 each. However you can view the program for free online by visiting the ERSO website or scanning the QR code at the concert. The program will be available on the website the day of the concert and remain on the site afterwards.&nbsp;<\/p>\n\n\t\t<\/div>\n\t<\/div>\n\t\n\t<div id=\"accordion-2357151291\" class=\"accordion-item\">\n\t\t<a id=\"accordion-2357151291-label\" class=\"accordion-title plain\" href=\"#accordion-item-venues\" aria-expanded=\"false\" aria-controls=\"accordion-2357151291-content\" >\n\t\t\t<button class=\"toggle\" aria-label=\"Toggle\"><i class=\"icon-angle-down\"><\/i><\/button>\n\t\t\t<span>Venues<\/span>\n\t\t<\/a>\n\t\t<div id=\"accordion-2357151291-content\" class=\"accordion-inner\" aria-labelledby=\"accordion-2357151291-label\" >\n\t\t\t\n\n<p><strong>Estonia Concert Hall<\/strong> &#8211; our main stage concert in Tallinn<br \/><strong>MUBA<\/strong> &#8211; used for ERSOs Chamber Music series<br \/><strong>AUDIOSPA<\/strong> &#8211; different uncongenial venues for classical music in Tallinn<br \/><strong>In Estonia<\/strong> &#8211; the Orchestra travel to different cities in Estonia to perform.&nbsp;&nbsp;<br \/><strong>Globally<\/strong> &#8211; when on tour the orchestra performs in some of the great concert halls around the world<\/p>\n\n\t\t<\/div>\n\t<\/div>\n\t\n\t<div id=\"accordion-1039618404\" class=\"accordion-item\">\n\t\t<a id=\"accordion-1039618404-label\" class=\"accordion-title plain\" href=\"#accordion-item-arrival-time\" aria-expanded=\"false\" aria-controls=\"accordion-1039618404-content\" >\n\t\t\t<button class=\"toggle\" aria-label=\"Toggle\"><i class=\"icon-angle-down\"><\/i><\/button>\n\t\t\t<span>Arrival Time<\/span>\n\t\t<\/a>\n\t\t<div id=\"accordion-1039618404-content\" class=\"accordion-inner\" aria-labelledby=\"accordion-1039618404-label\" >\n\t\t\t\n\n<p>The doors to the Estonia Concert Hall open 1 hour prior to the concert starting. We suggest you come early and enjoy a drink in the beautiful building.&nbsp;<\/p>\n\n\t\t<\/div>\n\t<\/div>\n\t\n\t<div id=\"accordion-723192522\" class=\"accordion-item\">\n\t\t<a id=\"accordion-723192522-label\" class=\"accordion-title plain\" href=\"#accordion-item-cancellation\" aria-expanded=\"false\" aria-controls=\"accordion-723192522-content\" >\n\t\t\t<button class=\"toggle\" aria-label=\"Toggle\"><i class=\"icon-angle-down\"><\/i><\/button>\n\t\t\t<span>Cancellation<\/span>\n\t\t<\/a>\n\t\t<div id=\"accordion-723192522-content\" class=\"accordion-inner\" aria-labelledby=\"accordion-723192522-label\" >\n\t\t\t\n\n<p>If you are unable to make it to the concert (insert policy here please Anita)<\/p>\n\n\t\t<\/div>\n\t<\/div>\n\t\n\t<div id=\"accordion-924416291\" class=\"accordion-item\">\n\t\t<a id=\"accordion-924416291-label\" class=\"accordion-title plain\" href=\"#accordion-item-photos-%20and-video\" aria-expanded=\"false\" aria-controls=\"accordion-924416291-content\" >\n\t\t\t<button class=\"toggle\" aria-label=\"Toggle\"><i class=\"icon-angle-down\"><\/i><\/button>\n\t\t\t<span>Photos  and Video<\/span>\n\t\t<\/a>\n\t\t<div id=\"accordion-924416291-content\" class=\"accordion-inner\" aria-labelledby=\"accordion-924416291-label\" >\n\t\t\t\n\n<p>Photography is encouraged before the concert and during the applause. We kindly ask that no filming or flash photography is used.<\/p>\n\n\t\t<\/div>\n\t<\/div>\n\t\n\t<div id=\"accordion-3959246846\" class=\"accordion-item\">\n\t\t<a id=\"accordion-3959246846-label\" class=\"accordion-title plain\" href=\"#accordion-item-children\" aria-expanded=\"false\" aria-controls=\"accordion-3959246846-content\" >\n\t\t\t<button class=\"toggle\" aria-label=\"Toggle\"><i class=\"icon-angle-down\"><\/i><\/button>\n\t\t\t<span>Children<\/span>\n\t\t<\/a>\n\t\t<div id=\"accordion-3959246846-content\" class=\"accordion-inner\" aria-labelledby=\"accordion-3959246846-label\" >\n\t\t\t\n\n<p>Children are welcome to attend the concerts, but we ask that you consider your child&#8217;s age and ability to sit trough a 2 hour concert&nbsp;<\/p>\n\n\t\t<\/div>\n\t<\/div>\n\t\n\t<div id=\"accordion-3402364146\" class=\"accordion-item\">\n\t\t<a id=\"accordion-3402364146-label\" class=\"accordion-title plain\" href=\"#accordion-item-cloak-room\" aria-expanded=\"false\" aria-controls=\"accordion-3402364146-content\" >\n\t\t\t<button class=\"toggle\" aria-label=\"Toggle\"><i class=\"icon-angle-down\"><\/i><\/button>\n\t\t\t<span>Cloak Room<\/span>\n\t\t<\/a>\n\t\t<div id=\"accordion-3402364146-content\" class=\"accordion-inner\" aria-labelledby=\"accordion-3402364146-label\" >\n\t\t\t\n\n<p>The cloak room is available before each concert and opens 1 hour prior to the concert.<\/p>\n\n\t\t<\/div>\n\t<\/div>\n\t\n\t<div id=\"accordion-2661080412\" class=\"accordion-item\">\n\t\t<a id=\"accordion-2661080412-label\" class=\"accordion-title plain\" href=\"#accordion-item-merchandise\" aria-expanded=\"false\" aria-controls=\"accordion-2661080412-content\" >\n\t\t\t<button class=\"toggle\" aria-label=\"Toggle\"><i class=\"icon-angle-down\"><\/i><\/button>\n\t\t\t<span>Merchandise<\/span>\n\t\t<\/a>\n\t\t<div id=\"accordion-2661080412-content\" class=\"accordion-inner\" aria-labelledby=\"accordion-2661080412-label\" >\n\t\t\t\n\n<p>There is a small amount of merchandise available for sale at the concerts along with concert programs,<\/p>\n\n\t\t<\/div>\n\t<\/div>\n\t\n\t<div id=\"accordion-4069627236\" class=\"accordion-item\">\n\t\t<a id=\"accordion-4069627236-label\" class=\"accordion-title plain\" href=\"#accordion-item-smoking\" aria-expanded=\"false\" aria-controls=\"accordion-4069627236-content\" >\n\t\t\t<button class=\"toggle\" aria-label=\"Toggle\"><i class=\"icon-angle-down\"><\/i><\/button>\n\t\t\t<span>Smoking<\/span>\n\t\t<\/a>\n\t\t<div id=\"accordion-4069627236-content\" class=\"accordion-inner\" aria-labelledby=\"accordion-4069627236-label\" >\n\t\t\t\n\n<p>Smoking is prohibited in the Estonia Concert Hall.<\/p>\n\n\t\t<\/div>\n\t<\/div>\n\t\n\n<\/div>\n\n","protected":false},"excerpt":{"rendered":"","protected":false},"author":5,"featured_media":0,"parent":0,"menu_order":0,"comment_status":"closed","ping_status":"closed","template":"","meta":{"_acf_changed":false,"inline_featured_image":false,"footnotes":""},"class_list":["post-10702","page","type-page","status-publish","hentry"],"acf":[],"_links":{"self":[{"href":"https:\/\/erso.ee\/en\/wp-json\/wp\/v2\/pages\/10702","targetHints":{"allow":["GET"]}}],"collection":[{"href":"https:\/\/erso.ee\/en\/wp-json\/wp\/v2\/pages"}],"about":[{"href":"https:\/\/erso.ee\/en\/wp-json\/wp\/v2\/types\/page"}],"author":[{"embeddable":true,"href":"https:\/\/erso.ee\/en\/wp-json\/wp\/v2\/users\/5"}],"replies":[{"embeddable":true,"href":"https:\/\/erso.ee\/en\/wp-json\/wp\/v2\/comments?post=10702"}],"version-history":[{"count":2,"href":"https:\/\/erso.ee\/en\/wp-json\/wp\/v2\/pages\/10702\/revisions"}],"predecessor-version":[{"id":10704,"href":"https:\/\/erso.ee\/en\/wp-json\/wp\/v2\/pages\/10702\/revisions\/10704"}],"wp:attachment":[{"href":"https:\/\/erso.ee\/en\/wp-json\/wp\/v2\/media?parent=10702"}],"curies":[{"name":"wp","href":"https:\/\/api.w.org\/{rel}","templated":true}]}}